{"id":1292,"date":"2024-08-20T15:38:47","date_gmt":"2024-08-20T12:38:47","guid":{"rendered":"http:\/\/imago-systems.com\/?post_type=product&#038;p=1292"},"modified":"2025-10-24T13:47:50","modified_gmt":"2025-10-24T12:47:50","slug":"imago-ramie-wysuwane-wzmocnione-z-uchwytem-na-przewody-180-mm-dla-sr-38-mm-z-pierscieniem","status":"publish","type":"product","link":"https:\/\/imago-systems.com\/en\/product\/imago-ramie-wysuwane-wzmocnione-z-uchwytem-na-przewody-180-mm-dla-sr-38-mm-z-pierscieniem\/","title":{"rendered":"IMAGO Extendable reinforced arm with cable holder 180 mm for diameter 38 mm with ring"},"content":{"rendered":"<h1><strong>IMAGO Reinforced extendable arm with mounting ring 180 mm for diameter 38 mm<\/strong><\/h1>\n<p>Thanks to its length of 180 mm and the extension mechanism, the arm allows for flexible adjustment of the position of the attached equipment, which increases the comfort and ergonomics of work. The reinforced structure ensures stability and long-term use, and the included mounting ring guarantees a secure and solid attachment. Designed for precise installation of keyboard holders.<\/p>\n<h2><strong>Features of the IMAGO mounting arm:<\/strong><\/h2>\n<ul>\n<li>Made of powder coated steel,<\/li>\n<li>Stable reinforced construction,<\/li>\n<li>Cable holder for easy organization,<\/li>\n<li>Allows you to attach keyboard holders to the IMAGO TREE.<\/li>\n<\/ul>\n<p>&nbsp;<\/p>\n<h3><strong><a href=\"https:\/\/imago-systems.com\/en\/product-category\/imago-tree\/ramiona-do-uchwytow-montazowych\/\">Arms for mounting brackets<\/a> come in different variants.<\/strong><\/h3>","protected":false},"excerpt":{"rendered":"<p>IMAGO Reinforced extendable arm with mounting ring 180 mm for \u00d8 38 mm is a durable and functional accessory designed for precise mounting of keyboard holders.<\/p>","protected":false},"featured_media":1759,"comment_status":"open","ping_status":"closed","template":"","meta":[],"product_brand":[],"product_cat":[125],"product_tag":[141],"class_list":{"0":"post-1292","1":"product","2":"type-product","3":"status-publish","4":"has-post-thumbnail","6":"product_cat-ramiona-do-uchwytow-montazowych","7":"product_tag-141","9":"first","10":"instock","11":"shipping-taxable","12":"product-type-simple"},"acf":[],"yoast_head":"<!-- This site is optimized with the Yoast SEO plugin v27.6 - https:\/\/yoast.com\/product\/yoast-seo-wordpress\/ -->\n<title>IMAGO Rami\u0119 wysuwane wzmocnione 180 mm<\/title>\n<meta name=\"description\" content=\"IMAGO Rami\u0119 wysuwane wzmocnione z pier\u015bcieniem mocuj\u0105cym 180 mm zosta\u0142o zaprojektowane do precyzyjnego monta\u017cu uchwyt\u00f3w na klawiatur\u0119.\" \/>\n<meta name=\"robots\" content=\"index, follow, max-snippet:-1, max-image-preview:large, max-video-preview:-1\" \/>\n<link rel=\"canonical\" href=\"https:\/\/imago-systems.com\/en\/product\/imago-ramie-wysuwane-wzmocnione-z-uchwytem-na-przewody-180-mm-dla-sr-38-mm-z-pierscieniem\/\" \/>\n<meta property=\"og:locale\" content=\"en_US\" \/>\n<meta property=\"og:type\" content=\"article\" \/>\n<meta property=\"og:title\" content=\"IMAGO Rami\u0119 wysuwane wzmocnione 180 mm\" \/>\n<meta property=\"og:description\" content=\"IMAGO Rami\u0119 wysuwane wzmocnione z pier\u015bcieniem mocuj\u0105cym 180 mm zosta\u0142o zaprojektowane do precyzyjnego monta\u017cu uchwyt\u00f3w na klawiatur\u0119.\" \/>\n<meta property=\"og:url\" content=\"https:\/\/imago-systems.com\/en\/product\/imago-ramie-wysuwane-wzmocnione-z-uchwytem-na-przewody-180-mm-dla-sr-38-mm-z-pierscieniem\/\" \/>\n<meta property=\"og:site_name\" content=\"IMAGO\" \/>\n<meta property=\"article:modified_time\" content=\"2025-10-24T12:47:50+00:00\" \/>\n<meta property=\"og:image\" content=\"https:\/\/imago-systems.com\/wp-content\/uploads\/2024\/08\/IMAGO-Ramie-wysuwane-wzmocnione-z-pierscieniem-mocujacym-180-mm-dla-sr.-38-mm.png\" \/>\n\t<meta property=\"og:image:width\" content=\"600\" \/>\n\t<meta property=\"og:image:height\" content=\"600\" \/>\n\t<meta property=\"og:image:type\" content=\"image\/png\" \/>\n<meta name=\"twitter:card\" content=\"summary_large_image\" \/>\n<meta name=\"twitter:label1\" content=\"Est. reading time\" \/>\n\t<meta name=\"twitter:data1\" content=\"1 minute\" \/>\n<script type=\"application\/ld+json\" class=\"yoast-schema-graph\">{\"@context\":\"https:\\\/\\\/schema.org\",\"@graph\":[{\"@type\":\"WebPage\",\"@id\":\"https:\\\/\\\/imago-systems.com\\\/product\\\/imago-ramie-wysuwane-wzmocnione-z-uchwytem-na-przewody-180-mm-dla-sr-38-mm-z-pierscieniem\\\/\",\"url\":\"https:\\\/\\\/imago-systems.com\\\/product\\\/imago-ramie-wysuwane-wzmocnione-z-uchwytem-na-przewody-180-mm-dla-sr-38-mm-z-pierscieniem\\\/\",\"name\":\"IMAGO Rami\u0119 wysuwane wzmocnione 180 mm\",\"isPartOf\":{\"@id\":\"https:\\\/\\\/imago-systems.com\\\/#website\"},\"primaryImageOfPage\":{\"@id\":\"https:\\\/\\\/imago-systems.com\\\/product\\\/imago-ramie-wysuwane-wzmocnione-z-uchwytem-na-przewody-180-mm-dla-sr-38-mm-z-pierscieniem\\\/#primaryimage\"},\"image\":{\"@id\":\"https:\\\/\\\/imago-systems.com\\\/product\\\/imago-ramie-wysuwane-wzmocnione-z-uchwytem-na-przewody-180-mm-dla-sr-38-mm-z-pierscieniem\\\/#primaryimage\"},\"thumbnailUrl\":\"https:\\\/\\\/imago-systems.com\\\/wp-content\\\/uploads\\\/2024\\\/08\\\/IMAGO-Ramie-wysuwane-wzmocnione-z-pierscieniem-mocujacym-180-mm-dla-sr.-38-mm.png\",\"datePublished\":\"2024-08-20T12:38:47+00:00\",\"dateModified\":\"2025-10-24T12:47:50+00:00\",\"description\":\"IMAGO Rami\u0119 wysuwane wzmocnione z pier\u015bcieniem mocuj\u0105cym 180 mm zosta\u0142o zaprojektowane do precyzyjnego monta\u017cu uchwyt\u00f3w na klawiatur\u0119.\",\"breadcrumb\":{\"@id\":\"https:\\\/\\\/imago-systems.com\\\/product\\\/imago-ramie-wysuwane-wzmocnione-z-uchwytem-na-przewody-180-mm-dla-sr-38-mm-z-pierscieniem\\\/#breadcrumb\"},\"inLanguage\":\"en-US\",\"potentialAction\":[{\"@type\":\"ReadAction\",\"target\":[\"https:\\\/\\\/imago-systems.com\\\/product\\\/imago-ramie-wysuwane-wzmocnione-z-uchwytem-na-przewody-180-mm-dla-sr-38-mm-z-pierscieniem\\\/\"]}]},{\"@type\":\"ImageObject\",\"inLanguage\":\"en-US\",\"@id\":\"https:\\\/\\\/imago-systems.com\\\/product\\\/imago-ramie-wysuwane-wzmocnione-z-uchwytem-na-przewody-180-mm-dla-sr-38-mm-z-pierscieniem\\\/#primaryimage\",\"url\":\"https:\\\/\\\/imago-systems.com\\\/wp-content\\\/uploads\\\/2024\\\/08\\\/IMAGO-Ramie-wysuwane-wzmocnione-z-pierscieniem-mocujacym-180-mm-dla-sr.-38-mm.png\",\"contentUrl\":\"https:\\\/\\\/imago-systems.com\\\/wp-content\\\/uploads\\\/2024\\\/08\\\/IMAGO-Ramie-wysuwane-wzmocnione-z-pierscieniem-mocujacym-180-mm-dla-sr.-38-mm.png\",\"width\":600,\"height\":600,\"caption\":\"IMAGO Rami\u0119 wysuwane wzmocnione z pier\u015bcieniem mocuj\u0105cym 180 mm dla \u015br. 38 mm\"},{\"@type\":\"BreadcrumbList\",\"@id\":\"https:\\\/\\\/imago-systems.com\\\/product\\\/imago-ramie-wysuwane-wzmocnione-z-uchwytem-na-przewody-180-mm-dla-sr-38-mm-z-pierscieniem\\\/#breadcrumb\",\"itemListElement\":[{\"@type\":\"ListItem\",\"position\":1,\"name\":\"Home\",\"item\":\"https:\\\/\\\/imago-systems.com\\\/\"},{\"@type\":\"ListItem\",\"position\":2,\"name\":\"Shop\",\"item\":\"https:\\\/\\\/imago-systems.com\\\/shop\\\/\"},{\"@type\":\"ListItem\",\"position\":3,\"name\":\"IMAGO Tree\",\"item\":\"https:\\\/\\\/imago-systems.com\\\/product-category\\\/imago-tree\\\/\"},{\"@type\":\"ListItem\",\"position\":4,\"name\":\"Ramiona do uchwyt\u00f3w monta\u017cowych\",\"item\":\"https:\\\/\\\/imago-systems.com\\\/product-category\\\/imago-tree\\\/ramiona-do-uchwytow-montazowych\\\/\"},{\"@type\":\"ListItem\",\"position\":5,\"name\":\"IMAGO Rami\u0119 wysuwane wzmocnione z uchwytem na przewody 180 mm dla \u015br. 38 mm z pier\u015bcieniem\"}]},{\"@type\":\"WebSite\",\"@id\":\"https:\\\/\\\/imago-systems.com\\\/#website\",\"url\":\"https:\\\/\\\/imago-systems.com\\\/\",\"name\":\"IMAGO systems\",\"description\":\"Nowoczesne rozwi\u0105zania dla przemys\u0142u i handlu detalicznego.\",\"publisher\":{\"@id\":\"https:\\\/\\\/imago-systems.com\\\/#organization\"},\"alternateName\":\"IMAGO\",\"potentialAction\":[{\"@type\":\"SearchAction\",\"target\":{\"@type\":\"EntryPoint\",\"urlTemplate\":\"https:\\\/\\\/imago-systems.com\\\/?s={search_term_string}\"},\"query-input\":{\"@type\":\"PropertyValueSpecification\",\"valueRequired\":true,\"valueName\":\"search_term_string\"}}],\"inLanguage\":\"en-US\"},{\"@type\":\"Organization\",\"@id\":\"https:\\\/\\\/imago-systems.com\\\/#organization\",\"name\":\"IMAGO Poland sp. z o.o.\",\"alternateName\":\"IMAGO\",\"url\":\"https:\\\/\\\/imago-systems.com\\\/\",\"logo\":{\"@type\":\"ImageObject\",\"inLanguage\":\"en-US\",\"@id\":\"https:\\\/\\\/imago-systems.com\\\/#\\\/schema\\\/logo\\\/image\\\/\",\"url\":\"https:\\\/\\\/imago-systems.com\\\/wp-content\\\/uploads\\\/2024\\\/11\\\/cropped-cropped-cropped-IMAGO-LOGO-.jpg\",\"contentUrl\":\"https:\\\/\\\/imago-systems.com\\\/wp-content\\\/uploads\\\/2024\\\/11\\\/cropped-cropped-cropped-IMAGO-LOGO-.jpg\",\"width\":512,\"height\":512,\"caption\":\"IMAGO Poland sp. z o.o.\"},\"image\":{\"@id\":\"https:\\\/\\\/imago-systems.com\\\/#\\\/schema\\\/logo\\\/image\\\/\"},\"sameAs\":[\"https:\\\/\\\/www.linkedin.com\\\/company\\\/imago-poland\\\/\"]}]}<\/script>\n<!-- \/ Yoast SEO plugin. -->","yoast_head_json":{"title":"IMAGO Reinforced extendable arm 180 mm","description":"IMAGO Reinforced extendable arm with 180 mm mounting ring is designed for precise installation of keyboard holders.","robots":{"index":"index","follow":"follow","max-snippet":"max-snippet:-1","max-image-preview":"max-image-preview:large","max-video-preview":"max-video-preview:-1"},"canonical":"https:\/\/imago-systems.com\/en\/product\/imago-ramie-wysuwane-wzmocnione-z-uchwytem-na-przewody-180-mm-dla-sr-38-mm-z-pierscieniem\/","og_locale":"en_US","og_type":"article","og_title":"IMAGO Rami\u0119 wysuwane wzmocnione 180 mm","og_description":"IMAGO Rami\u0119 wysuwane wzmocnione z pier\u015bcieniem mocuj\u0105cym 180 mm zosta\u0142o zaprojektowane do precyzyjnego monta\u017cu uchwyt\u00f3w na klawiatur\u0119.","og_url":"https:\/\/imago-systems.com\/en\/product\/imago-ramie-wysuwane-wzmocnione-z-uchwytem-na-przewody-180-mm-dla-sr-38-mm-z-pierscieniem\/","og_site_name":"IMAGO","article_modified_time":"2025-10-24T12:47:50+00:00","og_image":[{"width":600,"height":600,"url":"https:\/\/imago-systems.com\/wp-content\/uploads\/2024\/08\/IMAGO-Ramie-wysuwane-wzmocnione-z-pierscieniem-mocujacym-180-mm-dla-sr.-38-mm.png","type":"image\/png"}],"twitter_card":"summary_large_image","twitter_misc":{"Est. reading time":"1 minute"},"schema":{"@context":"https:\/\/schema.org","@graph":[{"@type":"WebPage","@id":"https:\/\/imago-systems.com\/product\/imago-ramie-wysuwane-wzmocnione-z-uchwytem-na-przewody-180-mm-dla-sr-38-mm-z-pierscieniem\/","url":"https:\/\/imago-systems.com\/product\/imago-ramie-wysuwane-wzmocnione-z-uchwytem-na-przewody-180-mm-dla-sr-38-mm-z-pierscieniem\/","name":"IMAGO Reinforced extendable arm 180 mm","isPartOf":{"@id":"https:\/\/imago-systems.com\/#website"},"primaryImageOfPage":{"@id":"https:\/\/imago-systems.com\/product\/imago-ramie-wysuwane-wzmocnione-z-uchwytem-na-przewody-180-mm-dla-sr-38-mm-z-pierscieniem\/#primaryimage"},"image":{"@id":"https:\/\/imago-systems.com\/product\/imago-ramie-wysuwane-wzmocnione-z-uchwytem-na-przewody-180-mm-dla-sr-38-mm-z-pierscieniem\/#primaryimage"},"thumbnailUrl":"https:\/\/imago-systems.com\/wp-content\/uploads\/2024\/08\/IMAGO-Ramie-wysuwane-wzmocnione-z-pierscieniem-mocujacym-180-mm-dla-sr.-38-mm.png","datePublished":"2024-08-20T12:38:47+00:00","dateModified":"2025-10-24T12:47:50+00:00","description":"IMAGO Reinforced extendable arm with 180 mm mounting ring is designed for precise installation of keyboard holders.","breadcrumb":{"@id":"https:\/\/imago-systems.com\/product\/imago-ramie-wysuwane-wzmocnione-z-uchwytem-na-przewody-180-mm-dla-sr-38-mm-z-pierscieniem\/#breadcrumb"},"inLanguage":"en-US","potentialAction":[{"@type":"ReadAction","target":["https:\/\/imago-systems.com\/product\/imago-ramie-wysuwane-wzmocnione-z-uchwytem-na-przewody-180-mm-dla-sr-38-mm-z-pierscieniem\/"]}]},{"@type":"ImageObject","inLanguage":"en-US","@id":"https:\/\/imago-systems.com\/product\/imago-ramie-wysuwane-wzmocnione-z-uchwytem-na-przewody-180-mm-dla-sr-38-mm-z-pierscieniem\/#primaryimage","url":"https:\/\/imago-systems.com\/wp-content\/uploads\/2024\/08\/IMAGO-Ramie-wysuwane-wzmocnione-z-pierscieniem-mocujacym-180-mm-dla-sr.-38-mm.png","contentUrl":"https:\/\/imago-systems.com\/wp-content\/uploads\/2024\/08\/IMAGO-Ramie-wysuwane-wzmocnione-z-pierscieniem-mocujacym-180-mm-dla-sr.-38-mm.png","width":600,"height":600,"caption":"IMAGO Rami\u0119 wysuwane wzmocnione z pier\u015bcieniem mocuj\u0105cym 180 mm dla \u015br. 38 mm"},{"@type":"BreadcrumbList","@id":"https:\/\/imago-systems.com\/product\/imago-ramie-wysuwane-wzmocnione-z-uchwytem-na-przewody-180-mm-dla-sr-38-mm-z-pierscieniem\/#breadcrumb","itemListElement":[{"@type":"ListItem","position":1,"name":"Home","item":"https:\/\/imago-systems.com\/"},{"@type":"ListItem","position":2,"name":"Shop","item":"https:\/\/imago-systems.com\/shop\/"},{"@type":"ListItem","position":3,"name":"IMAGO Tree","item":"https:\/\/imago-systems.com\/product-category\/imago-tree\/"},{"@type":"ListItem","position":4,"name":"Ramiona do uchwyt\u00f3w monta\u017cowych","item":"https:\/\/imago-systems.com\/product-category\/imago-tree\/ramiona-do-uchwytow-montazowych\/"},{"@type":"ListItem","position":5,"name":"IMAGO Rami\u0119 wysuwane wzmocnione z uchwytem na przewody 180 mm dla \u015br. 38 mm z pier\u015bcieniem"}]},{"@type":"WebSite","@id":"https:\/\/imago-systems.com\/#website","url":"https:\/\/imago-systems.com\/","name":"IMAGO systems","description":"Modern solutions for industry and retail.","publisher":{"@id":"https:\/\/imago-systems.com\/#organization"},"alternateName":"IMAGO","potentialAction":[{"@type":"SearchAction","target":{"@type":"EntryPoint","urlTemplate":"https:\/\/imago-systems.com\/?s={search_term_string}"},"query-input":{"@type":"PropertyValueSpecification","valueRequired":true,"valueName":"search_term_string"}}],"inLanguage":"en-US"},{"@type":"Organization","@id":"https:\/\/imago-systems.com\/#organization","name":"IMAGO Poland sp. z o. o.","alternateName":"IMAGO","url":"https:\/\/imago-systems.com\/","logo":{"@type":"ImageObject","inLanguage":"en-US","@id":"https:\/\/imago-systems.com\/#\/schema\/logo\/image\/","url":"https:\/\/imago-systems.com\/wp-content\/uploads\/2024\/11\/cropped-cropped-cropped-IMAGO-LOGO-.jpg","contentUrl":"https:\/\/imago-systems.com\/wp-content\/uploads\/2024\/11\/cropped-cropped-cropped-IMAGO-LOGO-.jpg","width":512,"height":512,"caption":"IMAGO Poland sp. z o.o."},"image":{"@id":"https:\/\/imago-systems.com\/#\/schema\/logo\/image\/"},"sameAs":["https:\/\/www.linkedin.com\/company\/imago-poland\/"]}]}},"_links":{"self":[{"href":"https:\/\/imago-systems.com\/en\/wp-json\/wp\/v2\/product\/1292","targetHints":{"allow":["GET"]}}],"collection":[{"href":"https:\/\/imago-systems.com\/en\/wp-json\/wp\/v2\/product"}],"about":[{"href":"https:\/\/imago-systems.com\/en\/wp-json\/wp\/v2\/types\/product"}],"replies":[{"embeddable":true,"href":"https:\/\/imago-systems.com\/en\/wp-json\/wp\/v2\/comments?post=1292"}],"wp:featuredmedia":[{"embeddable":true,"href":"https:\/\/imago-systems.com\/en\/wp-json\/wp\/v2\/media\/1759"}],"wp:attachment":[{"href":"https:\/\/imago-systems.com\/en\/wp-json\/wp\/v2\/media?parent=1292"}],"wp:term":[{"taxonomy":"product_brand","embeddable":true,"href":"https:\/\/imago-systems.com\/en\/wp-json\/wp\/v2\/product_brand?post=1292"},{"taxonomy":"product_cat","embeddable":true,"href":"https:\/\/imago-systems.com\/en\/wp-json\/wp\/v2\/product_cat?post=1292"},{"taxonomy":"product_tag","embeddable":true,"href":"https:\/\/imago-systems.com\/en\/wp-json\/wp\/v2\/product_tag?post=1292"}],"curies":[{"name":"wp","href":"https:\/\/api.w.org\/{rel}","templated":true}]}}