{"id":1288,"date":"2024-08-20T14:52:54","date_gmt":"2024-08-20T11:52:54","guid":{"rendered":"http:\/\/imago-systems.com\/?post_type=product&#038;p=1288"},"modified":"2025-10-24T13:48:27","modified_gmt":"2025-10-24T12:48:27","slug":"imago-ramie-z-wycieciem-150-mm-dla-sr-38-mm-z-pierscieniem","status":"publish","type":"product","link":"https:\/\/imago-systems.com\/en\/product\/imago-ramie-z-wycieciem-150-mm-dla-sr-38-mm-z-pierscieniem\/","title":{"rendered":"IMAGO Arm with 150 mm cutout for ? 38 mm with ring"},"content":{"rendered":"<h1><strong>IMAGO 150 mm arm with cutout full set is a comprehensive solution for ergonomic and safe mounting of payment terminals and VESA mounts.<\/strong><\/h1>\n<p>&nbsp;<\/p>\n<p>With a length of 150 mm, the arm provides adequate reach and stability, allowing for comfortable use of the PIN pad\/computer panel during customer service. The precise cutout in the arm and the included mounting ring guarantee a secure and durable attachment of the device.<\/p>\n<p>&nbsp;<\/p>\n<h2><strong>IMAGO mounting arm features:<\/strong><\/h2>\n<ul>\n<li>Made of powder coated steel,<\/li>\n<li>Stable construction,<\/li>\n<li>It makes it easier to organize space,<\/li>\n<li>Enables attachment of payment terminals and VESA mounts to IMAGO TREE.<\/li>\n<\/ul>\n<p>&nbsp;<\/p>\n<h3><strong><a href=\"https:\/\/imago-systems.com\/en\/product-category\/imago-tree\/ramiona-do-uchwytow-montazowych\/\">Arms for mounting brackets<\/a> IMAGO are available in various lengths, which allows for even greater flexibility in arranging stands.<\/strong><\/h3>","protected":false},"excerpt":{"rendered":"<p>IMAGO Arm 150 mm with cut-out full set is a comprehensive solution for ergonomic and safe installation of payment terminals.<\/p>","protected":false},"featured_media":1757,"comment_status":"open","ping_status":"closed","template":"","meta":[],"product_brand":[],"product_cat":[125],"product_tag":[136],"class_list":{"0":"post-1288","1":"product","2":"type-product","3":"status-publish","4":"has-post-thumbnail","6":"product_cat-ramiona-do-uchwytow-montazowych","7":"product_tag-136","9":"first","10":"instock","11":"shipping-taxable","12":"product-type-simple"},"acf":[],"yoast_head":"<!-- This site is optimized with the Yoast SEO plugin v27.6 - https:\/\/yoast.com\/product\/yoast-seo-wordpress\/ -->\n<title>IMAGO Rami\u0119 z wyci\u0119ciem 150 mm dla \u015br. 38 mm z pier\u015bcieniem<\/title>\n<meta name=\"description\" content=\"IMAGO Rami\u0119 z wyci\u0119ciem 150 mm to kompleksowe rozwi\u0105zanie dla ergonomicznego i bezpiecznego monta\u017cu terminali p\u0142atniczych oraz uchwyt\u00f3w VESA.\" \/>\n<meta name=\"robots\" content=\"index, follow, max-snippet:-1, max-image-preview:large, max-video-preview:-1\" \/>\n<link rel=\"canonical\" href=\"https:\/\/imago-systems.com\/en\/product\/imago-ramie-z-wycieciem-150-mm-dla-sr-38-mm-z-pierscieniem\/\" \/>\n<meta property=\"og:locale\" content=\"en_US\" \/>\n<meta property=\"og:type\" content=\"article\" \/>\n<meta property=\"og:title\" content=\"IMAGO Rami\u0119 z wyci\u0119ciem 150 mm dla \u015br. 38 mm z pier\u015bcieniem\" \/>\n<meta property=\"og:description\" content=\"IMAGO Rami\u0119 z wyci\u0119ciem 150 mm to kompleksowe rozwi\u0105zanie dla ergonomicznego i bezpiecznego monta\u017cu terminali p\u0142atniczych oraz uchwyt\u00f3w VESA.\" \/>\n<meta property=\"og:url\" content=\"https:\/\/imago-systems.com\/en\/product\/imago-ramie-z-wycieciem-150-mm-dla-sr-38-mm-z-pierscieniem\/\" \/>\n<meta property=\"og:site_name\" content=\"IMAGO\" \/>\n<meta property=\"article:modified_time\" content=\"2025-10-24T12:48:27+00:00\" \/>\n<meta property=\"og:image\" content=\"https:\/\/imago-systems.com\/wp-content\/uploads\/2024\/08\/IMAGO-Ramie-do-PIN-150-mm-z-wycieciem-pelny-zestaw.jpg\" \/>\n\t<meta property=\"og:image:width\" content=\"600\" \/>\n\t<meta property=\"og:image:height\" content=\"600\" \/>\n\t<meta property=\"og:image:type\" content=\"image\/jpeg\" \/>\n<meta name=\"twitter:card\" content=\"summary_large_image\" \/>\n<meta name=\"twitter:label1\" content=\"Est. reading time\" \/>\n\t<meta name=\"twitter:data1\" content=\"1 minute\" \/>\n<script type=\"application\/ld+json\" class=\"yoast-schema-graph\">{\"@context\":\"https:\\\/\\\/schema.org\",\"@graph\":[{\"@type\":\"WebPage\",\"@id\":\"https:\\\/\\\/imago-systems.com\\\/product\\\/imago-ramie-z-wycieciem-150-mm-dla-sr-38-mm-z-pierscieniem\\\/\",\"url\":\"https:\\\/\\\/imago-systems.com\\\/product\\\/imago-ramie-z-wycieciem-150-mm-dla-sr-38-mm-z-pierscieniem\\\/\",\"name\":\"IMAGO Rami\u0119 z wyci\u0119ciem 150 mm dla \u015br. 38 mm z pier\u015bcieniem\",\"isPartOf\":{\"@id\":\"https:\\\/\\\/imago-systems.com\\\/#website\"},\"primaryImageOfPage\":{\"@id\":\"https:\\\/\\\/imago-systems.com\\\/product\\\/imago-ramie-z-wycieciem-150-mm-dla-sr-38-mm-z-pierscieniem\\\/#primaryimage\"},\"image\":{\"@id\":\"https:\\\/\\\/imago-systems.com\\\/product\\\/imago-ramie-z-wycieciem-150-mm-dla-sr-38-mm-z-pierscieniem\\\/#primaryimage\"},\"thumbnailUrl\":\"https:\\\/\\\/imago-systems.com\\\/wp-content\\\/uploads\\\/2024\\\/08\\\/IMAGO-Ramie-do-PIN-150-mm-z-wycieciem-pelny-zestaw.jpg\",\"datePublished\":\"2024-08-20T11:52:54+00:00\",\"dateModified\":\"2025-10-24T12:48:27+00:00\",\"description\":\"IMAGO Rami\u0119 z wyci\u0119ciem 150 mm to kompleksowe rozwi\u0105zanie dla ergonomicznego i bezpiecznego monta\u017cu terminali p\u0142atniczych oraz uchwyt\u00f3w VESA.\",\"breadcrumb\":{\"@id\":\"https:\\\/\\\/imago-systems.com\\\/product\\\/imago-ramie-z-wycieciem-150-mm-dla-sr-38-mm-z-pierscieniem\\\/#breadcrumb\"},\"inLanguage\":\"en-US\",\"potentialAction\":[{\"@type\":\"ReadAction\",\"target\":[\"https:\\\/\\\/imago-systems.com\\\/product\\\/imago-ramie-z-wycieciem-150-mm-dla-sr-38-mm-z-pierscieniem\\\/\"]}]},{\"@type\":\"ImageObject\",\"inLanguage\":\"en-US\",\"@id\":\"https:\\\/\\\/imago-systems.com\\\/product\\\/imago-ramie-z-wycieciem-150-mm-dla-sr-38-mm-z-pierscieniem\\\/#primaryimage\",\"url\":\"https:\\\/\\\/imago-systems.com\\\/wp-content\\\/uploads\\\/2024\\\/08\\\/IMAGO-Ramie-do-PIN-150-mm-z-wycieciem-pelny-zestaw.jpg\",\"contentUrl\":\"https:\\\/\\\/imago-systems.com\\\/wp-content\\\/uploads\\\/2024\\\/08\\\/IMAGO-Ramie-do-PIN-150-mm-z-wycieciem-pelny-zestaw.jpg\",\"width\":600,\"height\":600,\"caption\":\"IMAGO Rami\u0119 do PIN 150 mm z wyci\u0119ciem pe\u0142ny zestaw\"},{\"@type\":\"BreadcrumbList\",\"@id\":\"https:\\\/\\\/imago-systems.com\\\/product\\\/imago-ramie-z-wycieciem-150-mm-dla-sr-38-mm-z-pierscieniem\\\/#breadcrumb\",\"itemListElement\":[{\"@type\":\"ListItem\",\"position\":1,\"name\":\"Home\",\"item\":\"https:\\\/\\\/imago-systems.com\\\/\"},{\"@type\":\"ListItem\",\"position\":2,\"name\":\"Shop\",\"item\":\"https:\\\/\\\/imago-systems.com\\\/shop\\\/\"},{\"@type\":\"ListItem\",\"position\":3,\"name\":\"IMAGO Tree\",\"item\":\"https:\\\/\\\/imago-systems.com\\\/product-category\\\/imago-tree\\\/\"},{\"@type\":\"ListItem\",\"position\":4,\"name\":\"Ramiona do uchwyt\u00f3w monta\u017cowych\",\"item\":\"https:\\\/\\\/imago-systems.com\\\/product-category\\\/imago-tree\\\/ramiona-do-uchwytow-montazowych\\\/\"},{\"@type\":\"ListItem\",\"position\":5,\"name\":\"IMAGO Rami\u0119 z wyci\u0119ciem 150 mm dla \u015br. 38 mm z pier\u015bcieniem\"}]},{\"@type\":\"WebSite\",\"@id\":\"https:\\\/\\\/imago-systems.com\\\/#website\",\"url\":\"https:\\\/\\\/imago-systems.com\\\/\",\"name\":\"IMAGO systems\",\"description\":\"Nowoczesne rozwi\u0105zania dla przemys\u0142u i handlu detalicznego.\",\"publisher\":{\"@id\":\"https:\\\/\\\/imago-systems.com\\\/#organization\"},\"alternateName\":\"IMAGO\",\"potentialAction\":[{\"@type\":\"SearchAction\",\"target\":{\"@type\":\"EntryPoint\",\"urlTemplate\":\"https:\\\/\\\/imago-systems.com\\\/?s={search_term_string}\"},\"query-input\":{\"@type\":\"PropertyValueSpecification\",\"valueRequired\":true,\"valueName\":\"search_term_string\"}}],\"inLanguage\":\"en-US\"},{\"@type\":\"Organization\",\"@id\":\"https:\\\/\\\/imago-systems.com\\\/#organization\",\"name\":\"IMAGO Poland sp. z o.o.\",\"alternateName\":\"IMAGO\",\"url\":\"https:\\\/\\\/imago-systems.com\\\/\",\"logo\":{\"@type\":\"ImageObject\",\"inLanguage\":\"en-US\",\"@id\":\"https:\\\/\\\/imago-systems.com\\\/#\\\/schema\\\/logo\\\/image\\\/\",\"url\":\"https:\\\/\\\/imago-systems.com\\\/wp-content\\\/uploads\\\/2024\\\/11\\\/cropped-cropped-cropped-IMAGO-LOGO-.jpg\",\"contentUrl\":\"https:\\\/\\\/imago-systems.com\\\/wp-content\\\/uploads\\\/2024\\\/11\\\/cropped-cropped-cropped-IMAGO-LOGO-.jpg\",\"width\":512,\"height\":512,\"caption\":\"IMAGO Poland sp. z o.o.\"},\"image\":{\"@id\":\"https:\\\/\\\/imago-systems.com\\\/#\\\/schema\\\/logo\\\/image\\\/\"},\"sameAs\":[\"https:\\\/\\\/www.linkedin.com\\\/company\\\/imago-poland\\\/\"]}]}<\/script>\n<!-- \/ Yoast SEO plugin. -->","yoast_head_json":{"title":"IMAGO Arm with 150 mm cutout for ? 38 mm with ring","description":"IMAGO Arm with 150 mm cutout is a comprehensive solution for ergonomic and safe mounting of payment terminals and VESA mounts.","robots":{"index":"index","follow":"follow","max-snippet":"max-snippet:-1","max-image-preview":"max-image-preview:large","max-video-preview":"max-video-preview:-1"},"canonical":"https:\/\/imago-systems.com\/en\/product\/imago-ramie-z-wycieciem-150-mm-dla-sr-38-mm-z-pierscieniem\/","og_locale":"en_US","og_type":"article","og_title":"IMAGO Rami\u0119 z wyci\u0119ciem 150 mm dla \u015br. 38 mm z pier\u015bcieniem","og_description":"IMAGO Rami\u0119 z wyci\u0119ciem 150 mm to kompleksowe rozwi\u0105zanie dla ergonomicznego i bezpiecznego monta\u017cu terminali p\u0142atniczych oraz uchwyt\u00f3w VESA.","og_url":"https:\/\/imago-systems.com\/en\/product\/imago-ramie-z-wycieciem-150-mm-dla-sr-38-mm-z-pierscieniem\/","og_site_name":"IMAGO","article_modified_time":"2025-10-24T12:48:27+00:00","og_image":[{"width":600,"height":600,"url":"https:\/\/imago-systems.com\/wp-content\/uploads\/2024\/08\/IMAGO-Ramie-do-PIN-150-mm-z-wycieciem-pelny-zestaw.jpg","type":"image\/jpeg"}],"twitter_card":"summary_large_image","twitter_misc":{"Est. reading time":"1 minute"},"schema":{"@context":"https:\/\/schema.org","@graph":[{"@type":"WebPage","@id":"https:\/\/imago-systems.com\/product\/imago-ramie-z-wycieciem-150-mm-dla-sr-38-mm-z-pierscieniem\/","url":"https:\/\/imago-systems.com\/product\/imago-ramie-z-wycieciem-150-mm-dla-sr-38-mm-z-pierscieniem\/","name":"IMAGO Arm with 150 mm cutout for ? 38 mm with ring","isPartOf":{"@id":"https:\/\/imago-systems.com\/#website"},"primaryImageOfPage":{"@id":"https:\/\/imago-systems.com\/product\/imago-ramie-z-wycieciem-150-mm-dla-sr-38-mm-z-pierscieniem\/#primaryimage"},"image":{"@id":"https:\/\/imago-systems.com\/product\/imago-ramie-z-wycieciem-150-mm-dla-sr-38-mm-z-pierscieniem\/#primaryimage"},"thumbnailUrl":"https:\/\/imago-systems.com\/wp-content\/uploads\/2024\/08\/IMAGO-Ramie-do-PIN-150-mm-z-wycieciem-pelny-zestaw.jpg","datePublished":"2024-08-20T11:52:54+00:00","dateModified":"2025-10-24T12:48:27+00:00","description":"IMAGO Arm with 150 mm cutout is a comprehensive solution for ergonomic and safe mounting of payment terminals and VESA mounts.","breadcrumb":{"@id":"https:\/\/imago-systems.com\/product\/imago-ramie-z-wycieciem-150-mm-dla-sr-38-mm-z-pierscieniem\/#breadcrumb"},"inLanguage":"en-US","potentialAction":[{"@type":"ReadAction","target":["https:\/\/imago-systems.com\/product\/imago-ramie-z-wycieciem-150-mm-dla-sr-38-mm-z-pierscieniem\/"]}]},{"@type":"ImageObject","inLanguage":"en-US","@id":"https:\/\/imago-systems.com\/product\/imago-ramie-z-wycieciem-150-mm-dla-sr-38-mm-z-pierscieniem\/#primaryimage","url":"https:\/\/imago-systems.com\/wp-content\/uploads\/2024\/08\/IMAGO-Ramie-do-PIN-150-mm-z-wycieciem-pelny-zestaw.jpg","contentUrl":"https:\/\/imago-systems.com\/wp-content\/uploads\/2024\/08\/IMAGO-Ramie-do-PIN-150-mm-z-wycieciem-pelny-zestaw.jpg","width":600,"height":600,"caption":"IMAGO Rami\u0119 do PIN 150 mm z wyci\u0119ciem pe\u0142ny zestaw"},{"@type":"BreadcrumbList","@id":"https:\/\/imago-systems.com\/product\/imago-ramie-z-wycieciem-150-mm-dla-sr-38-mm-z-pierscieniem\/#breadcrumb","itemListElement":[{"@type":"ListItem","position":1,"name":"Home","item":"https:\/\/imago-systems.com\/"},{"@type":"ListItem","position":2,"name":"Shop","item":"https:\/\/imago-systems.com\/shop\/"},{"@type":"ListItem","position":3,"name":"IMAGO Tree","item":"https:\/\/imago-systems.com\/product-category\/imago-tree\/"},{"@type":"ListItem","position":4,"name":"Ramiona do uchwyt\u00f3w monta\u017cowych","item":"https:\/\/imago-systems.com\/product-category\/imago-tree\/ramiona-do-uchwytow-montazowych\/"},{"@type":"ListItem","position":5,"name":"IMAGO Rami\u0119 z wyci\u0119ciem 150 mm dla \u015br. 38 mm z pier\u015bcieniem"}]},{"@type":"WebSite","@id":"https:\/\/imago-systems.com\/#website","url":"https:\/\/imago-systems.com\/","name":"IMAGO systems","description":"Modern solutions for industry and retail.","publisher":{"@id":"https:\/\/imago-systems.com\/#organization"},"alternateName":"IMAGO","potentialAction":[{"@type":"SearchAction","target":{"@type":"EntryPoint","urlTemplate":"https:\/\/imago-systems.com\/?s={search_term_string}"},"query-input":{"@type":"PropertyValueSpecification","valueRequired":true,"valueName":"search_term_string"}}],"inLanguage":"en-US"},{"@type":"Organization","@id":"https:\/\/imago-systems.com\/#organization","name":"IMAGO Poland sp. z o. o.","alternateName":"IMAGO","url":"https:\/\/imago-systems.com\/","logo":{"@type":"ImageObject","inLanguage":"en-US","@id":"https:\/\/imago-systems.com\/#\/schema\/logo\/image\/","url":"https:\/\/imago-systems.com\/wp-content\/uploads\/2024\/11\/cropped-cropped-cropped-IMAGO-LOGO-.jpg","contentUrl":"https:\/\/imago-systems.com\/wp-content\/uploads\/2024\/11\/cropped-cropped-cropped-IMAGO-LOGO-.jpg","width":512,"height":512,"caption":"IMAGO Poland sp. z o.o."},"image":{"@id":"https:\/\/imago-systems.com\/#\/schema\/logo\/image\/"},"sameAs":["https:\/\/www.linkedin.com\/company\/imago-poland\/"]}]}},"_links":{"self":[{"href":"https:\/\/imago-systems.com\/en\/wp-json\/wp\/v2\/product\/1288","targetHints":{"allow":["GET"]}}],"collection":[{"href":"https:\/\/imago-systems.com\/en\/wp-json\/wp\/v2\/product"}],"about":[{"href":"https:\/\/imago-systems.com\/en\/wp-json\/wp\/v2\/types\/product"}],"replies":[{"embeddable":true,"href":"https:\/\/imago-systems.com\/en\/wp-json\/wp\/v2\/comments?post=1288"}],"wp:featuredmedia":[{"embeddable":true,"href":"https:\/\/imago-systems.com\/en\/wp-json\/wp\/v2\/media\/1757"}],"wp:attachment":[{"href":"https:\/\/imago-systems.com\/en\/wp-json\/wp\/v2\/media?parent=1288"}],"wp:term":[{"taxonomy":"product_brand","embeddable":true,"href":"https:\/\/imago-systems.com\/en\/wp-json\/wp\/v2\/product_brand?post=1288"},{"taxonomy":"product_cat","embeddable":true,"href":"https:\/\/imago-systems.com\/en\/wp-json\/wp\/v2\/product_cat?post=1288"},{"taxonomy":"product_tag","embeddable":true,"href":"https:\/\/imago-systems.com\/en\/wp-json\/wp\/v2\/product_tag?post=1288"}],"curies":[{"name":"wp","href":"https:\/\/api.w.org\/{rel}","templated":true}]}}