{"id":1272,"date":"2024-08-20T13:39:54","date_gmt":"2024-08-20T10:39:54","guid":{"rendered":"http:\/\/imago-systems.com\/?post_type=product&#038;p=1272"},"modified":"2025-10-24T13:50:22","modified_gmt":"2025-10-24T12:50:22","slug":"imago-slupek-do-montazu-500-mm-dla-sr-45-mm","status":"publish","type":"product","link":"https:\/\/imago-systems.com\/en\/product\/imago-slupek-do-montazu-500-mm-dla-sr-45-mm\/","title":{"rendered":"IMAGO 500mm mounting post for 45mm diameter"},"content":{"rendered":"<h1><strong>IMAGO The 500 mm long, 45 mm diameter mounting post is a solid and versatile base for mounting elements vertically or horizontally.<\/strong><\/h1>\n<p>&nbsp;<\/p>\n<p>Made of durable steel and covered with a powder coating, it provides durability and resistance to damage. The post is a key base of the mounting system, with the possibility of aesthetically running cables inside the structure, which facilitates cable organization and improves the aesthetics of the installation.<\/p>\n<p>&nbsp;<\/p>\n<h2><strong>Main features:<\/strong><\/h2>\n<ul>\n<li>Possibility of mounting elements both vertically and horizontally<\/li>\n<li>Durable powder-coated steel construction for strength and aesthetic appeal<\/li>\n<li>Option to expand the system with additional elements, tailored to specific needs<\/li>\n<li>A practical solution that allows you to run cables inside the post, making it easier to organize cables<\/li>\n<\/ul>\n<p>&nbsp;<\/p>\n<h3><strong><a href=\"https:\/\/imago-systems.com\/en\/product-category\/imago-tree\/slupki-bazowe\/\">Base posts<\/a> IMAGO is available in various lengths and variants, which allows for flexible adjustment of the entire system to the individual requirements of the user.<\/strong><\/h3>","protected":false},"excerpt":{"rendered":"<p>IMAGO 500 mm mounting post for a diameter of 45 mm provides stable and flexible mounting of elements vertically or horizontally. Made of durable steel and protected with black powder coating, the post provides a solid base for the mounting system, allowing for expansion with additional functional elements.<\/p>","protected":false},"featured_media":1884,"comment_status":"open","ping_status":"closed","template":"","meta":[],"product_brand":[],"product_cat":[122],"product_tag":[131],"class_list":{"0":"post-1272","1":"product","2":"type-product","3":"status-publish","4":"has-post-thumbnail","6":"product_cat-slupki-bazowe","7":"product_tag-131","9":"first","10":"instock","11":"shipping-taxable","12":"product-type-simple"},"acf":[],"yoast_head":"<!-- This site is optimized with the Yoast SEO plugin v27.6 - https:\/\/yoast.com\/product\/yoast-seo-wordpress\/ -->\n<title>IMAGO S\u0142upek do monta\u017cu 500 mm dla \u015br. 45 mm - IMAGO<\/title>\n<meta name=\"description\" content=\"IMAGO S\u0142upek do monta\u017cu 500 mm dla \u015brednicy 45 mm zapewnia stabilne i elastyczne mocowanie innych element\u00f3w w pionie lub poziomie.\" \/>\n<meta name=\"robots\" content=\"index, follow, max-snippet:-1, max-image-preview:large, max-video-preview:-1\" \/>\n<link rel=\"canonical\" href=\"https:\/\/imago-systems.com\/en\/product\/imago-slupek-do-montazu-500-mm-dla-sr-45-mm\/\" \/>\n<meta property=\"og:locale\" content=\"en_US\" \/>\n<meta property=\"og:type\" content=\"article\" \/>\n<meta property=\"og:title\" content=\"IMAGO S\u0142upek do monta\u017cu 500 mm dla \u015br. 45 mm - IMAGO\" \/>\n<meta property=\"og:description\" content=\"IMAGO S\u0142upek do monta\u017cu 500 mm dla \u015brednicy 45 mm zapewnia stabilne i elastyczne mocowanie innych element\u00f3w w pionie lub poziomie.\" \/>\n<meta property=\"og:url\" content=\"https:\/\/imago-systems.com\/en\/product\/imago-slupek-do-montazu-500-mm-dla-sr-45-mm\/\" \/>\n<meta property=\"og:site_name\" content=\"IMAGO\" \/>\n<meta property=\"article:modified_time\" content=\"2025-10-24T12:50:22+00:00\" \/>\n<meta property=\"og:image\" content=\"https:\/\/imago-systems.com\/wp-content\/uploads\/2024\/08\/IMAGO-Slupek-do-montazu-sr.-45-dl.-500-mm-1.jpg\" \/>\n\t<meta property=\"og:image:width\" content=\"600\" \/>\n\t<meta property=\"og:image:height\" content=\"600\" \/>\n\t<meta property=\"og:image:type\" content=\"image\/jpeg\" \/>\n<meta name=\"twitter:card\" content=\"summary_large_image\" \/>\n<meta name=\"twitter:label1\" content=\"Est. reading time\" \/>\n\t<meta name=\"twitter:data1\" content=\"1 minute\" \/>\n<script type=\"application\/ld+json\" class=\"yoast-schema-graph\">{\"@context\":\"https:\\\/\\\/schema.org\",\"@graph\":[{\"@type\":\"WebPage\",\"@id\":\"https:\\\/\\\/imago-systems.com\\\/product\\\/imago-slupek-do-montazu-500-mm-dla-sr-45-mm\\\/\",\"url\":\"https:\\\/\\\/imago-systems.com\\\/product\\\/imago-slupek-do-montazu-500-mm-dla-sr-45-mm\\\/\",\"name\":\"IMAGO S\u0142upek do monta\u017cu 500 mm dla \u015br. 45 mm - IMAGO\",\"isPartOf\":{\"@id\":\"https:\\\/\\\/imago-systems.com\\\/#website\"},\"primaryImageOfPage\":{\"@id\":\"https:\\\/\\\/imago-systems.com\\\/product\\\/imago-slupek-do-montazu-500-mm-dla-sr-45-mm\\\/#primaryimage\"},\"image\":{\"@id\":\"https:\\\/\\\/imago-systems.com\\\/product\\\/imago-slupek-do-montazu-500-mm-dla-sr-45-mm\\\/#primaryimage\"},\"thumbnailUrl\":\"https:\\\/\\\/imago-systems.com\\\/wp-content\\\/uploads\\\/2024\\\/08\\\/IMAGO-Slupek-do-montazu-sr.-45-dl.-500-mm-1.jpg\",\"datePublished\":\"2024-08-20T10:39:54+00:00\",\"dateModified\":\"2025-10-24T12:50:22+00:00\",\"description\":\"IMAGO S\u0142upek do monta\u017cu 500 mm dla \u015brednicy 45 mm zapewnia stabilne i elastyczne mocowanie innych element\u00f3w w pionie lub poziomie.\",\"breadcrumb\":{\"@id\":\"https:\\\/\\\/imago-systems.com\\\/product\\\/imago-slupek-do-montazu-500-mm-dla-sr-45-mm\\\/#breadcrumb\"},\"inLanguage\":\"en-US\",\"potentialAction\":[{\"@type\":\"ReadAction\",\"target\":[\"https:\\\/\\\/imago-systems.com\\\/product\\\/imago-slupek-do-montazu-500-mm-dla-sr-45-mm\\\/\"]}]},{\"@type\":\"ImageObject\",\"inLanguage\":\"en-US\",\"@id\":\"https:\\\/\\\/imago-systems.com\\\/product\\\/imago-slupek-do-montazu-500-mm-dla-sr-45-mm\\\/#primaryimage\",\"url\":\"https:\\\/\\\/imago-systems.com\\\/wp-content\\\/uploads\\\/2024\\\/08\\\/IMAGO-Slupek-do-montazu-sr.-45-dl.-500-mm-1.jpg\",\"contentUrl\":\"https:\\\/\\\/imago-systems.com\\\/wp-content\\\/uploads\\\/2024\\\/08\\\/IMAGO-Slupek-do-montazu-sr.-45-dl.-500-mm-1.jpg\",\"width\":600,\"height\":600,\"caption\":\"IMAGO S\u0142upek do monta\u017cu \u015br. 45 d\u0142. 500 mm\"},{\"@type\":\"BreadcrumbList\",\"@id\":\"https:\\\/\\\/imago-systems.com\\\/product\\\/imago-slupek-do-montazu-500-mm-dla-sr-45-mm\\\/#breadcrumb\",\"itemListElement\":[{\"@type\":\"ListItem\",\"position\":1,\"name\":\"Home\",\"item\":\"https:\\\/\\\/imago-systems.com\\\/\"},{\"@type\":\"ListItem\",\"position\":2,\"name\":\"Shop\",\"item\":\"https:\\\/\\\/imago-systems.com\\\/shop\\\/\"},{\"@type\":\"ListItem\",\"position\":3,\"name\":\"IMAGO Tree\",\"item\":\"https:\\\/\\\/imago-systems.com\\\/product-category\\\/imago-tree\\\/\"},{\"@type\":\"ListItem\",\"position\":4,\"name\":\"S\u0142upki bazowe\",\"item\":\"https:\\\/\\\/imago-systems.com\\\/product-category\\\/imago-tree\\\/slupki-bazowe\\\/\"},{\"@type\":\"ListItem\",\"position\":5,\"name\":\"IMAGO S\u0142upek do monta\u017cu 500 mm dla \u015br. 45 mm\"}]},{\"@type\":\"WebSite\",\"@id\":\"https:\\\/\\\/imago-systems.com\\\/#website\",\"url\":\"https:\\\/\\\/imago-systems.com\\\/\",\"name\":\"IMAGO systems\",\"description\":\"Nowoczesne rozwi\u0105zania dla przemys\u0142u i handlu detalicznego.\",\"publisher\":{\"@id\":\"https:\\\/\\\/imago-systems.com\\\/#organization\"},\"alternateName\":\"IMAGO\",\"potentialAction\":[{\"@type\":\"SearchAction\",\"target\":{\"@type\":\"EntryPoint\",\"urlTemplate\":\"https:\\\/\\\/imago-systems.com\\\/?s={search_term_string}\"},\"query-input\":{\"@type\":\"PropertyValueSpecification\",\"valueRequired\":true,\"valueName\":\"search_term_string\"}}],\"inLanguage\":\"en-US\"},{\"@type\":\"Organization\",\"@id\":\"https:\\\/\\\/imago-systems.com\\\/#organization\",\"name\":\"IMAGO Poland sp. z o.o.\",\"alternateName\":\"IMAGO\",\"url\":\"https:\\\/\\\/imago-systems.com\\\/\",\"logo\":{\"@type\":\"ImageObject\",\"inLanguage\":\"en-US\",\"@id\":\"https:\\\/\\\/imago-systems.com\\\/#\\\/schema\\\/logo\\\/image\\\/\",\"url\":\"https:\\\/\\\/imago-systems.com\\\/wp-content\\\/uploads\\\/2024\\\/11\\\/cropped-cropped-cropped-IMAGO-LOGO-.jpg\",\"contentUrl\":\"https:\\\/\\\/imago-systems.com\\\/wp-content\\\/uploads\\\/2024\\\/11\\\/cropped-cropped-cropped-IMAGO-LOGO-.jpg\",\"width\":512,\"height\":512,\"caption\":\"IMAGO Poland sp. z o.o.\"},\"image\":{\"@id\":\"https:\\\/\\\/imago-systems.com\\\/#\\\/schema\\\/logo\\\/image\\\/\"},\"sameAs\":[\"https:\\\/\\\/www.linkedin.com\\\/company\\\/imago-poland\\\/\"]}]}<\/script>\n<!-- \/ Yoast SEO plugin. -->","yoast_head_json":{"title":"IMAGO 500 mm mounting post for 45 mm diameter - IMAGO","description":"IMAGO 500 mm mounting post for 45 mm diameter ensures stable and flexible mounting of other elements vertically or horizontally.","robots":{"index":"index","follow":"follow","max-snippet":"max-snippet:-1","max-image-preview":"max-image-preview:large","max-video-preview":"max-video-preview:-1"},"canonical":"https:\/\/imago-systems.com\/en\/product\/imago-slupek-do-montazu-500-mm-dla-sr-45-mm\/","og_locale":"en_US","og_type":"article","og_title":"IMAGO S\u0142upek do monta\u017cu 500 mm dla \u015br. 45 mm - IMAGO","og_description":"IMAGO S\u0142upek do monta\u017cu 500 mm dla \u015brednicy 45 mm zapewnia stabilne i elastyczne mocowanie innych element\u00f3w w pionie lub poziomie.","og_url":"https:\/\/imago-systems.com\/en\/product\/imago-slupek-do-montazu-500-mm-dla-sr-45-mm\/","og_site_name":"IMAGO","article_modified_time":"2025-10-24T12:50:22+00:00","og_image":[{"width":600,"height":600,"url":"https:\/\/imago-systems.com\/wp-content\/uploads\/2024\/08\/IMAGO-Slupek-do-montazu-sr.-45-dl.-500-mm-1.jpg","type":"image\/jpeg"}],"twitter_card":"summary_large_image","twitter_misc":{"Est. reading time":"1 minute"},"schema":{"@context":"https:\/\/schema.org","@graph":[{"@type":"WebPage","@id":"https:\/\/imago-systems.com\/product\/imago-slupek-do-montazu-500-mm-dla-sr-45-mm\/","url":"https:\/\/imago-systems.com\/product\/imago-slupek-do-montazu-500-mm-dla-sr-45-mm\/","name":"IMAGO 500 mm mounting post for 45 mm diameter - IMAGO","isPartOf":{"@id":"https:\/\/imago-systems.com\/#website"},"primaryImageOfPage":{"@id":"https:\/\/imago-systems.com\/product\/imago-slupek-do-montazu-500-mm-dla-sr-45-mm\/#primaryimage"},"image":{"@id":"https:\/\/imago-systems.com\/product\/imago-slupek-do-montazu-500-mm-dla-sr-45-mm\/#primaryimage"},"thumbnailUrl":"https:\/\/imago-systems.com\/wp-content\/uploads\/2024\/08\/IMAGO-Slupek-do-montazu-sr.-45-dl.-500-mm-1.jpg","datePublished":"2024-08-20T10:39:54+00:00","dateModified":"2025-10-24T12:50:22+00:00","description":"IMAGO 500 mm mounting post for 45 mm diameter ensures stable and flexible mounting of other elements vertically or horizontally.","breadcrumb":{"@id":"https:\/\/imago-systems.com\/product\/imago-slupek-do-montazu-500-mm-dla-sr-45-mm\/#breadcrumb"},"inLanguage":"en-US","potentialAction":[{"@type":"ReadAction","target":["https:\/\/imago-systems.com\/product\/imago-slupek-do-montazu-500-mm-dla-sr-45-mm\/"]}]},{"@type":"ImageObject","inLanguage":"en-US","@id":"https:\/\/imago-systems.com\/product\/imago-slupek-do-montazu-500-mm-dla-sr-45-mm\/#primaryimage","url":"https:\/\/imago-systems.com\/wp-content\/uploads\/2024\/08\/IMAGO-Slupek-do-montazu-sr.-45-dl.-500-mm-1.jpg","contentUrl":"https:\/\/imago-systems.com\/wp-content\/uploads\/2024\/08\/IMAGO-Slupek-do-montazu-sr.-45-dl.-500-mm-1.jpg","width":600,"height":600,"caption":"IMAGO S\u0142upek do monta\u017cu \u015br. 45 d\u0142. 500 mm"},{"@type":"BreadcrumbList","@id":"https:\/\/imago-systems.com\/product\/imago-slupek-do-montazu-500-mm-dla-sr-45-mm\/#breadcrumb","itemListElement":[{"@type":"ListItem","position":1,"name":"Home","item":"https:\/\/imago-systems.com\/"},{"@type":"ListItem","position":2,"name":"Shop","item":"https:\/\/imago-systems.com\/shop\/"},{"@type":"ListItem","position":3,"name":"IMAGO Tree","item":"https:\/\/imago-systems.com\/product-category\/imago-tree\/"},{"@type":"ListItem","position":4,"name":"S\u0142upki bazowe","item":"https:\/\/imago-systems.com\/product-category\/imago-tree\/slupki-bazowe\/"},{"@type":"ListItem","position":5,"name":"IMAGO S\u0142upek do monta\u017cu 500 mm dla \u015br. 45 mm"}]},{"@type":"WebSite","@id":"https:\/\/imago-systems.com\/#website","url":"https:\/\/imago-systems.com\/","name":"IMAGO systems","description":"Modern solutions for industry and retail.","publisher":{"@id":"https:\/\/imago-systems.com\/#organization"},"alternateName":"IMAGO","potentialAction":[{"@type":"SearchAction","target":{"@type":"EntryPoint","urlTemplate":"https:\/\/imago-systems.com\/?s={search_term_string}"},"query-input":{"@type":"PropertyValueSpecification","valueRequired":true,"valueName":"search_term_string"}}],"inLanguage":"en-US"},{"@type":"Organization","@id":"https:\/\/imago-systems.com\/#organization","name":"IMAGO Poland sp. z o. o.","alternateName":"IMAGO","url":"https:\/\/imago-systems.com\/","logo":{"@type":"ImageObject","inLanguage":"en-US","@id":"https:\/\/imago-systems.com\/#\/schema\/logo\/image\/","url":"https:\/\/imago-systems.com\/wp-content\/uploads\/2024\/11\/cropped-cropped-cropped-IMAGO-LOGO-.jpg","contentUrl":"https:\/\/imago-systems.com\/wp-content\/uploads\/2024\/11\/cropped-cropped-cropped-IMAGO-LOGO-.jpg","width":512,"height":512,"caption":"IMAGO Poland sp. z o.o."},"image":{"@id":"https:\/\/imago-systems.com\/#\/schema\/logo\/image\/"},"sameAs":["https:\/\/www.linkedin.com\/company\/imago-poland\/"]}]}},"_links":{"self":[{"href":"https:\/\/imago-systems.com\/en\/wp-json\/wp\/v2\/product\/1272","targetHints":{"allow":["GET"]}}],"collection":[{"href":"https:\/\/imago-systems.com\/en\/wp-json\/wp\/v2\/product"}],"about":[{"href":"https:\/\/imago-systems.com\/en\/wp-json\/wp\/v2\/types\/product"}],"replies":[{"embeddable":true,"href":"https:\/\/imago-systems.com\/en\/wp-json\/wp\/v2\/comments?post=1272"}],"wp:featuredmedia":[{"embeddable":true,"href":"https:\/\/imago-systems.com\/en\/wp-json\/wp\/v2\/media\/1884"}],"wp:attachment":[{"href":"https:\/\/imago-systems.com\/en\/wp-json\/wp\/v2\/media?parent=1272"}],"wp:term":[{"taxonomy":"product_brand","embeddable":true,"href":"https:\/\/imago-systems.com\/en\/wp-json\/wp\/v2\/product_brand?post=1272"},{"taxonomy":"product_cat","embeddable":true,"href":"https:\/\/imago-systems.com\/en\/wp-json\/wp\/v2\/product_cat?post=1272"},{"taxonomy":"product_tag","embeddable":true,"href":"https:\/\/imago-systems.com\/en\/wp-json\/wp\/v2\/product_tag?post=1272"}],"curies":[{"name":"wp","href":"https:\/\/api.w.org\/{rel}","templated":true}]}}