{"id":1263,"date":"2024-08-20T12:06:16","date_gmt":"2024-08-20T09:06:16","guid":{"rendered":"http:\/\/imago-systems.com\/?post_type=product&#038;p=1263"},"modified":"2026-04-27T14:07:42","modified_gmt":"2026-04-27T13:07:42","slug":"pocket-2d-wireless-barcode-scanner-r300-2d-bt","status":"publish","type":"product","link":"https:\/\/imago-systems.com\/en\/product\/pocket-2d-wireless-barcode-scanner-r300-2d-bt\/","title":{"rendered":"POCKET 2D WIRELESS BARCODE SCANNER R300"},"content":{"rendered":"<p>The R300 is a compact, wireless barcode scanner that enables quick and convenient scanning of both 1D and 2D codes, from labels and screens.<\/p>\n<p>The device is characterized by an ergonomic design that provides comfortable operation, as well as a solid housing that is resistant to falls. Thanks to the possibility of online software updates and a built-in display, the user can monitor the battery status and processed data in real time. The scanner is ideal for applications in <strong>trade, warehouses, logistics and other industries<\/strong> requiring mobile and reliable barcode scanning.<\/p>\n<p>&nbsp;<\/p>\n<h2><strong>What makes the R300 code scanner unique?:<\/strong><\/h2>\n<ul>\n<li>Does not require any driver.<\/li>\n<li><strong>1D and 2D code reading on screen and paper.<\/strong><\/li>\n<li>Battery capacity up to<strong> 1500mAh.<\/strong><\/li>\n<li>Charging time is 3 hours and continuous scanning time is 24 hours.<\/li>\n<li>Support dual online firmware upgrade: wireless and set-top box.<\/li>\n<li>Communication model: <strong>2.4G, Bluetooth and Type-C cable.<\/strong><\/li>\n<li>Communication distance (open space): <strong>2.4G: 100 meters, Bluetooth: 40 meters.<\/strong><\/li>\n<li>Intelligent housing, unique and ergonomic design, comfortable operation.<\/li>\n<li>On-Screen Display Support (<strong>1.44 inch color screen<\/strong>), real-time monitoring of battery status<\/li>\n<li>Model without screen available.<\/li>\n<\/ul>\n<p>&nbsp;<\/p>\n<h3><strong>See other <a href=\"https:\/\/imago-systems.com\/en\/product-category\/barcode-readers\/\">barcode readers<\/a> in our offer.<\/strong><\/h3>","protected":false},"excerpt":{"rendered":"<p>The R300 is a compact, wireless barcode scanner that enables quick and convenient scanning of both 1D and 2D codes, from paper and screens.<\/p>","protected":false},"featured_media":1740,"comment_status":"open","ping_status":"closed","template":"","meta":[],"product_brand":[],"product_cat":[42],"product_tag":[],"class_list":{"0":"post-1263","1":"product","2":"type-product","3":"status-publish","4":"has-post-thumbnail","6":"product_cat-czytniki-kodow-kreskowych","8":"first","9":"instock","10":"shipping-taxable","11":"purchasable","12":"product-type-variable"},"acf":[],"yoast_head":"<!-- This site is optimized with the Yoast SEO plugin v27.6 - https:\/\/yoast.com\/product\/yoast-seo-wordpress\/ -->\n<title>POCKET 2D WIRELESS BARCODE SCANNER R300 - IMAGO<\/title>\n<meta name=\"description\" content=\"R300 to kompaktowy skaner kod\u00f3w kreskowych, kt\u00f3ry umo\u017cliwia szybkie i wygodne skanowanie zar\u00f3wno kod\u00f3w 1D, jak i 2D, z papieru oraz z ekran\u00f3w.\" \/>\n<meta name=\"robots\" content=\"index, follow, max-snippet:-1, max-image-preview:large, max-video-preview:-1\" \/>\n<link rel=\"canonical\" href=\"https:\/\/imago-systems.com\/en\/product\/pocket-2d-wireless-barcode-scanner-r300-2d-bt\/\" \/>\n<meta property=\"og:locale\" content=\"en_US\" \/>\n<meta property=\"og:type\" content=\"article\" \/>\n<meta property=\"og:title\" content=\"POCKET 2D WIRELESS BARCODE SCANNER R300 - IMAGO\" \/>\n<meta property=\"og:description\" content=\"R300 to kompaktowy skaner kod\u00f3w kreskowych, kt\u00f3ry umo\u017cliwia szybkie i wygodne skanowanie zar\u00f3wno kod\u00f3w 1D, jak i 2D, z papieru oraz z ekran\u00f3w.\" \/>\n<meta property=\"og:url\" content=\"https:\/\/imago-systems.com\/en\/product\/pocket-2d-wireless-barcode-scanner-r300-2d-bt\/\" \/>\n<meta property=\"og:site_name\" content=\"IMAGO\" \/>\n<meta property=\"article:modified_time\" content=\"2026-04-27T13:07:42+00:00\" \/>\n<meta property=\"og:image\" content=\"https:\/\/imago-systems.com\/wp-content\/uploads\/2024\/08\/POCKET-2D-WIRELESS-BARCODE-SCANNER-R300-2D-BT-1.jpg\" \/>\n\t<meta property=\"og:image:width\" content=\"1024\" \/>\n\t<meta property=\"og:image:height\" content=\"1024\" \/>\n\t<meta property=\"og:image:type\" content=\"image\/jpeg\" \/>\n<meta name=\"twitter:card\" content=\"summary_large_image\" \/>\n<meta name=\"twitter:label1\" content=\"Est. reading time\" \/>\n\t<meta name=\"twitter:data1\" content=\"2 minutes\" \/>\n<script type=\"application\/ld+json\" class=\"yoast-schema-graph\">{\"@context\":\"https:\\\/\\\/schema.org\",\"@graph\":[{\"@type\":\"WebPage\",\"@id\":\"https:\\\/\\\/imago-systems.com\\\/product\\\/pocket-2d-wireless-barcode-scanner-r300-2d-bt\\\/\",\"url\":\"https:\\\/\\\/imago-systems.com\\\/product\\\/pocket-2d-wireless-barcode-scanner-r300-2d-bt\\\/\",\"name\":\"POCKET 2D WIRELESS BARCODE SCANNER R300 - IMAGO\",\"isPartOf\":{\"@id\":\"https:\\\/\\\/imago-systems.com\\\/#website\"},\"primaryImageOfPage\":{\"@id\":\"https:\\\/\\\/imago-systems.com\\\/product\\\/pocket-2d-wireless-barcode-scanner-r300-2d-bt\\\/#primaryimage\"},\"image\":{\"@id\":\"https:\\\/\\\/imago-systems.com\\\/product\\\/pocket-2d-wireless-barcode-scanner-r300-2d-bt\\\/#primaryimage\"},\"thumbnailUrl\":\"https:\\\/\\\/imago-systems.com\\\/wp-content\\\/uploads\\\/2024\\\/08\\\/POCKET-2D-WIRELESS-BARCODE-SCANNER-R300-2D-BT-1.jpg\",\"datePublished\":\"2024-08-20T09:06:16+00:00\",\"dateModified\":\"2026-04-27T13:07:42+00:00\",\"description\":\"R300 to kompaktowy skaner kod\u00f3w kreskowych, kt\u00f3ry umo\u017cliwia szybkie i wygodne skanowanie zar\u00f3wno kod\u00f3w 1D, jak i 2D, z papieru oraz z ekran\u00f3w.\",\"breadcrumb\":{\"@id\":\"https:\\\/\\\/imago-systems.com\\\/product\\\/pocket-2d-wireless-barcode-scanner-r300-2d-bt\\\/#breadcrumb\"},\"inLanguage\":\"en-US\",\"potentialAction\":[{\"@type\":\"ReadAction\",\"target\":[\"https:\\\/\\\/imago-systems.com\\\/product\\\/pocket-2d-wireless-barcode-scanner-r300-2d-bt\\\/\"]}]},{\"@type\":\"ImageObject\",\"inLanguage\":\"en-US\",\"@id\":\"https:\\\/\\\/imago-systems.com\\\/product\\\/pocket-2d-wireless-barcode-scanner-r300-2d-bt\\\/#primaryimage\",\"url\":\"https:\\\/\\\/imago-systems.com\\\/wp-content\\\/uploads\\\/2024\\\/08\\\/POCKET-2D-WIRELESS-BARCODE-SCANNER-R300-2D-BT-1.jpg\",\"contentUrl\":\"https:\\\/\\\/imago-systems.com\\\/wp-content\\\/uploads\\\/2024\\\/08\\\/POCKET-2D-WIRELESS-BARCODE-SCANNER-R300-2D-BT-1.jpg\",\"width\":1024,\"height\":1024,\"caption\":\"POCKET 2D WIRELESS BARCODE SCANNER R300-2D-BT\"},{\"@type\":\"BreadcrumbList\",\"@id\":\"https:\\\/\\\/imago-systems.com\\\/product\\\/pocket-2d-wireless-barcode-scanner-r300-2d-bt\\\/#breadcrumb\",\"itemListElement\":[{\"@type\":\"ListItem\",\"position\":1,\"name\":\"Home\",\"item\":\"https:\\\/\\\/imago-systems.com\\\/\"},{\"@type\":\"ListItem\",\"position\":2,\"name\":\"Shop\",\"item\":\"https:\\\/\\\/imago-systems.com\\\/shop\\\/\"},{\"@type\":\"ListItem\",\"position\":3,\"name\":\"Czytniki kod\u00f3w kreskowych\",\"item\":\"https:\\\/\\\/imago-systems.com\\\/product-category\\\/czytniki-kodow-kreskowych\\\/\"},{\"@type\":\"ListItem\",\"position\":4,\"name\":\"POCKET 2D WIRELESS BARCODE SCANNER R300\"}]},{\"@type\":\"WebSite\",\"@id\":\"https:\\\/\\\/imago-systems.com\\\/#website\",\"url\":\"https:\\\/\\\/imago-systems.com\\\/\",\"name\":\"IMAGO systems\",\"description\":\"Nowoczesne rozwi\u0105zania dla przemys\u0142u i handlu detalicznego.\",\"publisher\":{\"@id\":\"https:\\\/\\\/imago-systems.com\\\/#organization\"},\"alternateName\":\"IMAGO\",\"potentialAction\":[{\"@type\":\"SearchAction\",\"target\":{\"@type\":\"EntryPoint\",\"urlTemplate\":\"https:\\\/\\\/imago-systems.com\\\/?s={search_term_string}\"},\"query-input\":{\"@type\":\"PropertyValueSpecification\",\"valueRequired\":true,\"valueName\":\"search_term_string\"}}],\"inLanguage\":\"en-US\"},{\"@type\":\"Organization\",\"@id\":\"https:\\\/\\\/imago-systems.com\\\/#organization\",\"name\":\"IMAGO Poland sp. z o.o.\",\"alternateName\":\"IMAGO\",\"url\":\"https:\\\/\\\/imago-systems.com\\\/\",\"logo\":{\"@type\":\"ImageObject\",\"inLanguage\":\"en-US\",\"@id\":\"https:\\\/\\\/imago-systems.com\\\/#\\\/schema\\\/logo\\\/image\\\/\",\"url\":\"https:\\\/\\\/imago-systems.com\\\/wp-content\\\/uploads\\\/2024\\\/11\\\/cropped-cropped-cropped-IMAGO-LOGO-.jpg\",\"contentUrl\":\"https:\\\/\\\/imago-systems.com\\\/wp-content\\\/uploads\\\/2024\\\/11\\\/cropped-cropped-cropped-IMAGO-LOGO-.jpg\",\"width\":512,\"height\":512,\"caption\":\"IMAGO Poland sp. z o.o.\"},\"image\":{\"@id\":\"https:\\\/\\\/imago-systems.com\\\/#\\\/schema\\\/logo\\\/image\\\/\"},\"sameAs\":[\"https:\\\/\\\/www.linkedin.com\\\/company\\\/imago-poland\\\/\"]}]}<\/script>\n<!-- \/ Yoast SEO plugin. -->","yoast_head_json":{"title":"POCKET 2D WIRELESS BARCODE SCANNER R300 - IMAGO","description":"The R300 is a compact barcode scanner that allows for quick and convenient scanning of both 1D and 2D codes, from paper and screens.","robots":{"index":"index","follow":"follow","max-snippet":"max-snippet:-1","max-image-preview":"max-image-preview:large","max-video-preview":"max-video-preview:-1"},"canonical":"https:\/\/imago-systems.com\/en\/product\/pocket-2d-wireless-barcode-scanner-r300-2d-bt\/","og_locale":"en_US","og_type":"article","og_title":"POCKET 2D WIRELESS BARCODE SCANNER R300 - IMAGO","og_description":"R300 to kompaktowy skaner kod\u00f3w kreskowych, kt\u00f3ry umo\u017cliwia szybkie i wygodne skanowanie zar\u00f3wno kod\u00f3w 1D, jak i 2D, z papieru oraz z ekran\u00f3w.","og_url":"https:\/\/imago-systems.com\/en\/product\/pocket-2d-wireless-barcode-scanner-r300-2d-bt\/","og_site_name":"IMAGO","article_modified_time":"2026-04-27T13:07:42+00:00","og_image":[{"width":1024,"height":1024,"url":"https:\/\/imago-systems.com\/wp-content\/uploads\/2024\/08\/POCKET-2D-WIRELESS-BARCODE-SCANNER-R300-2D-BT-1.jpg","type":"image\/jpeg"}],"twitter_card":"summary_large_image","twitter_misc":{"Est. reading time":"2 minutes"},"schema":{"@context":"https:\/\/schema.org","@graph":[{"@type":"WebPage","@id":"https:\/\/imago-systems.com\/product\/pocket-2d-wireless-barcode-scanner-r300-2d-bt\/","url":"https:\/\/imago-systems.com\/product\/pocket-2d-wireless-barcode-scanner-r300-2d-bt\/","name":"POCKET 2D WIRELESS BARCODE SCANNER R300 - IMAGO","isPartOf":{"@id":"https:\/\/imago-systems.com\/#website"},"primaryImageOfPage":{"@id":"https:\/\/imago-systems.com\/product\/pocket-2d-wireless-barcode-scanner-r300-2d-bt\/#primaryimage"},"image":{"@id":"https:\/\/imago-systems.com\/product\/pocket-2d-wireless-barcode-scanner-r300-2d-bt\/#primaryimage"},"thumbnailUrl":"https:\/\/imago-systems.com\/wp-content\/uploads\/2024\/08\/POCKET-2D-WIRELESS-BARCODE-SCANNER-R300-2D-BT-1.jpg","datePublished":"2024-08-20T09:06:16+00:00","dateModified":"2026-04-27T13:07:42+00:00","description":"The R300 is a compact barcode scanner that allows for quick and convenient scanning of both 1D and 2D codes, from paper and screens.","breadcrumb":{"@id":"https:\/\/imago-systems.com\/product\/pocket-2d-wireless-barcode-scanner-r300-2d-bt\/#breadcrumb"},"inLanguage":"en-US","potentialAction":[{"@type":"ReadAction","target":["https:\/\/imago-systems.com\/product\/pocket-2d-wireless-barcode-scanner-r300-2d-bt\/"]}]},{"@type":"ImageObject","inLanguage":"en-US","@id":"https:\/\/imago-systems.com\/product\/pocket-2d-wireless-barcode-scanner-r300-2d-bt\/#primaryimage","url":"https:\/\/imago-systems.com\/wp-content\/uploads\/2024\/08\/POCKET-2D-WIRELESS-BARCODE-SCANNER-R300-2D-BT-1.jpg","contentUrl":"https:\/\/imago-systems.com\/wp-content\/uploads\/2024\/08\/POCKET-2D-WIRELESS-BARCODE-SCANNER-R300-2D-BT-1.jpg","width":1024,"height":1024,"caption":"POCKET 2D WIRELESS BARCODE SCANNER R300-2D-BT"},{"@type":"BreadcrumbList","@id":"https:\/\/imago-systems.com\/product\/pocket-2d-wireless-barcode-scanner-r300-2d-bt\/#breadcrumb","itemListElement":[{"@type":"ListItem","position":1,"name":"Home","item":"https:\/\/imago-systems.com\/"},{"@type":"ListItem","position":2,"name":"Shop","item":"https:\/\/imago-systems.com\/shop\/"},{"@type":"ListItem","position":3,"name":"Czytniki kod\u00f3w kreskowych","item":"https:\/\/imago-systems.com\/product-category\/czytniki-kodow-kreskowych\/"},{"@type":"ListItem","position":4,"name":"POCKET 2D WIRELESS BARCODE SCANNER R300"}]},{"@type":"WebSite","@id":"https:\/\/imago-systems.com\/#website","url":"https:\/\/imago-systems.com\/","name":"IMAGO systems","description":"Modern solutions for industry and retail.","publisher":{"@id":"https:\/\/imago-systems.com\/#organization"},"alternateName":"IMAGO","potentialAction":[{"@type":"SearchAction","target":{"@type":"EntryPoint","urlTemplate":"https:\/\/imago-systems.com\/?s={search_term_string}"},"query-input":{"@type":"PropertyValueSpecification","valueRequired":true,"valueName":"search_term_string"}}],"inLanguage":"en-US"},{"@type":"Organization","@id":"https:\/\/imago-systems.com\/#organization","name":"IMAGO Poland sp. z o. o.","alternateName":"IMAGO","url":"https:\/\/imago-systems.com\/","logo":{"@type":"ImageObject","inLanguage":"en-US","@id":"https:\/\/imago-systems.com\/#\/schema\/logo\/image\/","url":"https:\/\/imago-systems.com\/wp-content\/uploads\/2024\/11\/cropped-cropped-cropped-IMAGO-LOGO-.jpg","contentUrl":"https:\/\/imago-systems.com\/wp-content\/uploads\/2024\/11\/cropped-cropped-cropped-IMAGO-LOGO-.jpg","width":512,"height":512,"caption":"IMAGO Poland sp. z o.o."},"image":{"@id":"https:\/\/imago-systems.com\/#\/schema\/logo\/image\/"},"sameAs":["https:\/\/www.linkedin.com\/company\/imago-poland\/"]}]}},"_links":{"self":[{"href":"https:\/\/imago-systems.com\/en\/wp-json\/wp\/v2\/product\/1263","targetHints":{"allow":["GET"]}}],"collection":[{"href":"https:\/\/imago-systems.com\/en\/wp-json\/wp\/v2\/product"}],"about":[{"href":"https:\/\/imago-systems.com\/en\/wp-json\/wp\/v2\/types\/product"}],"replies":[{"embeddable":true,"href":"https:\/\/imago-systems.com\/en\/wp-json\/wp\/v2\/comments?post=1263"}],"wp:featuredmedia":[{"embeddable":true,"href":"https:\/\/imago-systems.com\/en\/wp-json\/wp\/v2\/media\/1740"}],"wp:attachment":[{"href":"https:\/\/imago-systems.com\/en\/wp-json\/wp\/v2\/media?parent=1263"}],"wp:term":[{"taxonomy":"product_brand","embeddable":true,"href":"https:\/\/imago-systems.com\/en\/wp-json\/wp\/v2\/product_brand?post=1263"},{"taxonomy":"product_cat","embeddable":true,"href":"https:\/\/imago-systems.com\/en\/wp-json\/wp\/v2\/product_cat?post=1263"},{"taxonomy":"product_tag","embeddable":true,"href":"https:\/\/imago-systems.com\/en\/wp-json\/wp\/v2\/product_tag?post=1263"}],"curies":[{"name":"wp","href":"https:\/\/api.w.org\/{rel}","templated":true}]}}