{"id":1259,"date":"2024-08-20T11:43:48","date_gmt":"2024-08-20T08:43:48","guid":{"rendered":"http:\/\/imago-systems.com\/?post_type=product&#038;p=1259"},"modified":"2026-04-27T14:08:51","modified_gmt":"2026-04-27T13:08:51","slug":"wearable-scanner-005h-2","status":"publish","type":"product","link":"https:\/\/imago-systems.com\/en\/product\/wearable-scanner-005h-2\/","title":{"rendered":"WEARABLE SCANNER 005H"},"content":{"rendered":"<p>Equipped with a 1-megapixel CMOS sensor, it enables fast and precise scanning<strong> 1D and 2D codes.<\/strong> The scanner supports multiple wearing modes, including finger, glove, and lanyard, allowing for flexible adjustment to user needs.<\/p>\n<p>The device supports Bluetooth and 2.4G connectivity, which ensures stable communication over various distances. It will work well in trade, logistics, warehouses and other industries requiring mobile scanning solutions.<\/p>\n<p>&nbsp;<\/p>\n<h2><strong>Key Features of the 005H Scanner:<\/strong><\/h2>\n<ul>\n<li>Picture <strong>CMOS 1.0 megapixel 1280*800 pixels, can read 1D and 2D codes quickly<\/strong><\/li>\n<li>Online software update support<\/li>\n<li>Support for setting up on <strong>finger, glove and leash<\/strong><\/li>\n<li>Mode support <strong>Bluetooth and 2.4G<\/strong>.(Bluetooth mode as default)<\/li>\n<li>A variety of shortcut pairing methods, such as scanned code pairing and NFC touch connection, etc.<\/li>\n<li>Removable high-capacity lithium battery <strong>600mAh<\/strong><\/li>\n<li>The most complete charging solution, host and battery can be charged independently via dock or cable<\/li>\n<\/ul>\n<p>&nbsp;<\/p>\n<h3><strong>Choose <a href=\"https:\/\/imago-systems.com\/en\/product-category\/barcode-readers\/\">barcode reader<\/a> according to your own preferences.\u00a0<\/strong><\/h3>","protected":false},"excerpt":{"rendered":"<p>WEARABLE SCANNER 005H is a modern barcode scanner that combines functionality and comfort of use.<\/p>","protected":false},"featured_media":1742,"comment_status":"open","ping_status":"closed","template":"","meta":[],"product_brand":[],"product_cat":[42],"product_tag":[],"class_list":{"0":"post-1259","1":"product","2":"type-product","3":"status-publish","4":"has-post-thumbnail","6":"product_cat-czytniki-kodow-kreskowych","8":"first","9":"instock","10":"shipping-taxable","11":"product-type-simple"},"acf":[],"yoast_head":"<!-- This site is optimized with the Yoast SEO plugin v27.6 - https:\/\/yoast.com\/product\/yoast-seo-wordpress\/ -->\n<title>WEARABLE SCANNER 005H - IMAGO<\/title>\n<meta name=\"description\" content=\"WEARABLE SCANNER 005H to nowoczesny czytnik kod\u00f3w kreskowych 1D i 2D, kt\u00f3ry \u0142\u0105czy w sobie funkcjonalno\u015b\u0107 i wygod\u0119 u\u017cytkowania.\" \/>\n<meta name=\"robots\" content=\"index, follow, max-snippet:-1, max-image-preview:large, max-video-preview:-1\" \/>\n<link rel=\"canonical\" href=\"https:\/\/imago-systems.com\/en\/product\/wearable-scanner-005h-2\/\" \/>\n<meta property=\"og:locale\" content=\"en_US\" \/>\n<meta property=\"og:type\" content=\"article\" \/>\n<meta property=\"og:title\" content=\"WEARABLE SCANNER 005H - IMAGO\" \/>\n<meta property=\"og:description\" content=\"WEARABLE SCANNER 005H to nowoczesny czytnik kod\u00f3w kreskowych 1D i 2D, kt\u00f3ry \u0142\u0105czy w sobie funkcjonalno\u015b\u0107 i wygod\u0119 u\u017cytkowania.\" \/>\n<meta property=\"og:url\" content=\"https:\/\/imago-systems.com\/en\/product\/wearable-scanner-005h-2\/\" \/>\n<meta property=\"og:site_name\" content=\"IMAGO\" \/>\n<meta property=\"article:modified_time\" content=\"2026-04-27T13:08:51+00:00\" \/>\n<meta property=\"og:image\" content=\"https:\/\/imago-systems.com\/wp-content\/uploads\/2024\/08\/WEARABLE-SCANNER-005H-1.jpg\" \/>\n\t<meta property=\"og:image:width\" content=\"1024\" \/>\n\t<meta property=\"og:image:height\" content=\"1024\" \/>\n\t<meta property=\"og:image:type\" content=\"image\/jpeg\" \/>\n<meta name=\"twitter:card\" content=\"summary_large_image\" \/>\n<meta name=\"twitter:label1\" content=\"Est. reading time\" \/>\n\t<meta name=\"twitter:data1\" content=\"2 minutes\" \/>\n<script type=\"application\/ld+json\" class=\"yoast-schema-graph\">{\"@context\":\"https:\\\/\\\/schema.org\",\"@graph\":[{\"@type\":\"WebPage\",\"@id\":\"https:\\\/\\\/imago-systems.com\\\/product\\\/wearable-scanner-005h-2\\\/\",\"url\":\"https:\\\/\\\/imago-systems.com\\\/product\\\/wearable-scanner-005h-2\\\/\",\"name\":\"WEARABLE SCANNER 005H - IMAGO\",\"isPartOf\":{\"@id\":\"https:\\\/\\\/imago-systems.com\\\/#website\"},\"primaryImageOfPage\":{\"@id\":\"https:\\\/\\\/imago-systems.com\\\/product\\\/wearable-scanner-005h-2\\\/#primaryimage\"},\"image\":{\"@id\":\"https:\\\/\\\/imago-systems.com\\\/product\\\/wearable-scanner-005h-2\\\/#primaryimage\"},\"thumbnailUrl\":\"https:\\\/\\\/imago-systems.com\\\/wp-content\\\/uploads\\\/2024\\\/08\\\/WEARABLE-SCANNER-005H-1.jpg\",\"datePublished\":\"2024-08-20T08:43:48+00:00\",\"dateModified\":\"2026-04-27T13:08:51+00:00\",\"description\":\"WEARABLE SCANNER 005H to nowoczesny czytnik kod\u00f3w kreskowych 1D i 2D, kt\u00f3ry \u0142\u0105czy w sobie funkcjonalno\u015b\u0107 i wygod\u0119 u\u017cytkowania.\",\"breadcrumb\":{\"@id\":\"https:\\\/\\\/imago-systems.com\\\/product\\\/wearable-scanner-005h-2\\\/#breadcrumb\"},\"inLanguage\":\"en-US\",\"potentialAction\":[{\"@type\":\"ReadAction\",\"target\":[\"https:\\\/\\\/imago-systems.com\\\/product\\\/wearable-scanner-005h-2\\\/\"]}]},{\"@type\":\"ImageObject\",\"inLanguage\":\"en-US\",\"@id\":\"https:\\\/\\\/imago-systems.com\\\/product\\\/wearable-scanner-005h-2\\\/#primaryimage\",\"url\":\"https:\\\/\\\/imago-systems.com\\\/wp-content\\\/uploads\\\/2024\\\/08\\\/WEARABLE-SCANNER-005H-1.jpg\",\"contentUrl\":\"https:\\\/\\\/imago-systems.com\\\/wp-content\\\/uploads\\\/2024\\\/08\\\/WEARABLE-SCANNER-005H-1.jpg\",\"width\":1024,\"height\":1024,\"caption\":\"Wearable scanner 005H\"},{\"@type\":\"BreadcrumbList\",\"@id\":\"https:\\\/\\\/imago-systems.com\\\/product\\\/wearable-scanner-005h-2\\\/#breadcrumb\",\"itemListElement\":[{\"@type\":\"ListItem\",\"position\":1,\"name\":\"Home\",\"item\":\"https:\\\/\\\/imago-systems.com\\\/\"},{\"@type\":\"ListItem\",\"position\":2,\"name\":\"Shop\",\"item\":\"https:\\\/\\\/imago-systems.com\\\/shop\\\/\"},{\"@type\":\"ListItem\",\"position\":3,\"name\":\"Czytniki kod\u00f3w kreskowych\",\"item\":\"https:\\\/\\\/imago-systems.com\\\/product-category\\\/czytniki-kodow-kreskowych\\\/\"},{\"@type\":\"ListItem\",\"position\":4,\"name\":\"WEARABLE SCANNER 005H\"}]},{\"@type\":\"WebSite\",\"@id\":\"https:\\\/\\\/imago-systems.com\\\/#website\",\"url\":\"https:\\\/\\\/imago-systems.com\\\/\",\"name\":\"IMAGO systems\",\"description\":\"Nowoczesne rozwi\u0105zania dla przemys\u0142u i handlu detalicznego.\",\"publisher\":{\"@id\":\"https:\\\/\\\/imago-systems.com\\\/#organization\"},\"alternateName\":\"IMAGO\",\"potentialAction\":[{\"@type\":\"SearchAction\",\"target\":{\"@type\":\"EntryPoint\",\"urlTemplate\":\"https:\\\/\\\/imago-systems.com\\\/?s={search_term_string}\"},\"query-input\":{\"@type\":\"PropertyValueSpecification\",\"valueRequired\":true,\"valueName\":\"search_term_string\"}}],\"inLanguage\":\"en-US\"},{\"@type\":\"Organization\",\"@id\":\"https:\\\/\\\/imago-systems.com\\\/#organization\",\"name\":\"IMAGO Poland sp. z o.o.\",\"alternateName\":\"IMAGO\",\"url\":\"https:\\\/\\\/imago-systems.com\\\/\",\"logo\":{\"@type\":\"ImageObject\",\"inLanguage\":\"en-US\",\"@id\":\"https:\\\/\\\/imago-systems.com\\\/#\\\/schema\\\/logo\\\/image\\\/\",\"url\":\"https:\\\/\\\/imago-systems.com\\\/wp-content\\\/uploads\\\/2024\\\/11\\\/cropped-cropped-cropped-IMAGO-LOGO-.jpg\",\"contentUrl\":\"https:\\\/\\\/imago-systems.com\\\/wp-content\\\/uploads\\\/2024\\\/11\\\/cropped-cropped-cropped-IMAGO-LOGO-.jpg\",\"width\":512,\"height\":512,\"caption\":\"IMAGO Poland sp. z o.o.\"},\"image\":{\"@id\":\"https:\\\/\\\/imago-systems.com\\\/#\\\/schema\\\/logo\\\/image\\\/\"},\"sameAs\":[\"https:\\\/\\\/www.linkedin.com\\\/company\\\/imago-poland\\\/\"]}]}<\/script>\n<!-- \/ Yoast SEO plugin. -->","yoast_head_json":{"title":"WEARABLE SCANNER 005H - IMAGO","description":"WEARABLE SCANNER 005H is a modern 1D and 2D barcode reader that combines functionality and comfort of use.","robots":{"index":"index","follow":"follow","max-snippet":"max-snippet:-1","max-image-preview":"max-image-preview:large","max-video-preview":"max-video-preview:-1"},"canonical":"https:\/\/imago-systems.com\/en\/product\/wearable-scanner-005h-2\/","og_locale":"en_US","og_type":"article","og_title":"WEARABLE SCANNER 005H - IMAGO","og_description":"WEARABLE SCANNER 005H to nowoczesny czytnik kod\u00f3w kreskowych 1D i 2D, kt\u00f3ry \u0142\u0105czy w sobie funkcjonalno\u015b\u0107 i wygod\u0119 u\u017cytkowania.","og_url":"https:\/\/imago-systems.com\/en\/product\/wearable-scanner-005h-2\/","og_site_name":"IMAGO","article_modified_time":"2026-04-27T13:08:51+00:00","og_image":[{"width":1024,"height":1024,"url":"https:\/\/imago-systems.com\/wp-content\/uploads\/2024\/08\/WEARABLE-SCANNER-005H-1.jpg","type":"image\/jpeg"}],"twitter_card":"summary_large_image","twitter_misc":{"Est. reading time":"2 minutes"},"schema":{"@context":"https:\/\/schema.org","@graph":[{"@type":"WebPage","@id":"https:\/\/imago-systems.com\/product\/wearable-scanner-005h-2\/","url":"https:\/\/imago-systems.com\/product\/wearable-scanner-005h-2\/","name":"WEARABLE SCANNER 005H - IMAGO","isPartOf":{"@id":"https:\/\/imago-systems.com\/#website"},"primaryImageOfPage":{"@id":"https:\/\/imago-systems.com\/product\/wearable-scanner-005h-2\/#primaryimage"},"image":{"@id":"https:\/\/imago-systems.com\/product\/wearable-scanner-005h-2\/#primaryimage"},"thumbnailUrl":"https:\/\/imago-systems.com\/wp-content\/uploads\/2024\/08\/WEARABLE-SCANNER-005H-1.jpg","datePublished":"2024-08-20T08:43:48+00:00","dateModified":"2026-04-27T13:08:51+00:00","description":"WEARABLE SCANNER 005H is a modern 1D and 2D barcode reader that combines functionality and comfort of use.","breadcrumb":{"@id":"https:\/\/imago-systems.com\/product\/wearable-scanner-005h-2\/#breadcrumb"},"inLanguage":"en-US","potentialAction":[{"@type":"ReadAction","target":["https:\/\/imago-systems.com\/product\/wearable-scanner-005h-2\/"]}]},{"@type":"ImageObject","inLanguage":"en-US","@id":"https:\/\/imago-systems.com\/product\/wearable-scanner-005h-2\/#primaryimage","url":"https:\/\/imago-systems.com\/wp-content\/uploads\/2024\/08\/WEARABLE-SCANNER-005H-1.jpg","contentUrl":"https:\/\/imago-systems.com\/wp-content\/uploads\/2024\/08\/WEARABLE-SCANNER-005H-1.jpg","width":1024,"height":1024,"caption":"Wearable scanner 005H"},{"@type":"BreadcrumbList","@id":"https:\/\/imago-systems.com\/product\/wearable-scanner-005h-2\/#breadcrumb","itemListElement":[{"@type":"ListItem","position":1,"name":"Home","item":"https:\/\/imago-systems.com\/"},{"@type":"ListItem","position":2,"name":"Shop","item":"https:\/\/imago-systems.com\/shop\/"},{"@type":"ListItem","position":3,"name":"Czytniki kod\u00f3w kreskowych","item":"https:\/\/imago-systems.com\/product-category\/czytniki-kodow-kreskowych\/"},{"@type":"ListItem","position":4,"name":"WEARABLE SCANNER 005H"}]},{"@type":"WebSite","@id":"https:\/\/imago-systems.com\/#website","url":"https:\/\/imago-systems.com\/","name":"IMAGO systems","description":"Modern solutions for industry and retail.","publisher":{"@id":"https:\/\/imago-systems.com\/#organization"},"alternateName":"IMAGO","potentialAction":[{"@type":"SearchAction","target":{"@type":"EntryPoint","urlTemplate":"https:\/\/imago-systems.com\/?s={search_term_string}"},"query-input":{"@type":"PropertyValueSpecification","valueRequired":true,"valueName":"search_term_string"}}],"inLanguage":"en-US"},{"@type":"Organization","@id":"https:\/\/imago-systems.com\/#organization","name":"IMAGO Poland sp. z o. o.","alternateName":"IMAGO","url":"https:\/\/imago-systems.com\/","logo":{"@type":"ImageObject","inLanguage":"en-US","@id":"https:\/\/imago-systems.com\/#\/schema\/logo\/image\/","url":"https:\/\/imago-systems.com\/wp-content\/uploads\/2024\/11\/cropped-cropped-cropped-IMAGO-LOGO-.jpg","contentUrl":"https:\/\/imago-systems.com\/wp-content\/uploads\/2024\/11\/cropped-cropped-cropped-IMAGO-LOGO-.jpg","width":512,"height":512,"caption":"IMAGO Poland sp. z o.o."},"image":{"@id":"https:\/\/imago-systems.com\/#\/schema\/logo\/image\/"},"sameAs":["https:\/\/www.linkedin.com\/company\/imago-poland\/"]}]}},"_links":{"self":[{"href":"https:\/\/imago-systems.com\/en\/wp-json\/wp\/v2\/product\/1259","targetHints":{"allow":["GET"]}}],"collection":[{"href":"https:\/\/imago-systems.com\/en\/wp-json\/wp\/v2\/product"}],"about":[{"href":"https:\/\/imago-systems.com\/en\/wp-json\/wp\/v2\/types\/product"}],"replies":[{"embeddable":true,"href":"https:\/\/imago-systems.com\/en\/wp-json\/wp\/v2\/comments?post=1259"}],"wp:featuredmedia":[{"embeddable":true,"href":"https:\/\/imago-systems.com\/en\/wp-json\/wp\/v2\/media\/1742"}],"wp:attachment":[{"href":"https:\/\/imago-systems.com\/en\/wp-json\/wp\/v2\/media?parent=1259"}],"wp:term":[{"taxonomy":"product_brand","embeddable":true,"href":"https:\/\/imago-systems.com\/en\/wp-json\/wp\/v2\/product_brand?post=1259"},{"taxonomy":"product_cat","embeddable":true,"href":"https:\/\/imago-systems.com\/en\/wp-json\/wp\/v2\/product_cat?post=1259"},{"taxonomy":"product_tag","embeddable":true,"href":"https:\/\/imago-systems.com\/en\/wp-json\/wp\/v2\/product_tag?post=1259"}],"curies":[{"name":"wp","href":"https:\/\/api.w.org\/{rel}","templated":true}]}}