{"id":71,"date":"2024-04-02T14:39:03","date_gmt":"2024-04-02T11:39:03","guid":{"rendered":"http:\/\/imago-systems.com\/\/?page_id=71"},"modified":"2025-11-20T13:51:47","modified_gmt":"2025-11-20T12:51:47","slug":"about-us","status":"publish","type":"page","link":"https:\/\/imago-systems.com\/en\/about-us\/","title":{"rendered":"About us"},"content":{"rendered":"<p>We are a leading manufacturer of modern, high-quality solutions for the retail and industrial sectors. We deliver tools that drive our clients&#039; efficiency and success.<\/p>\n\n\n\n<h2 class=\"wp-block-heading\">Our mission<\/h2>\n\n\n\n<p>Our mission is not only to offer top-class products, but also to build long-term relationships based on trust and partnership. That is why we are constantly developing and expanding our offer to meet the growing demands of the market and our customers. The passion for creating perfect things drives us to constantly improve the products and services we offer. Thanks to a committed and specialized team of experts and a constant pursuit of innovation, we can provide our customers with the highest quality of service and modern solutions tailored to their individual needs and expectations. We believe in the power of technology to facilitate everyday commercial operations. Our devices are not only exceptionally efficient, but also designed with simplicity of use in mind, tuned to the needs of various industries and flexible to grow with the development of the business. Together with our customers, we shape the future of the retail industry. <\/p>\n\n\n\n<p>Join <a href=\"https:\/\/imago-systems.com\/en\/\">IMAGO<\/a> on a journey to new retail horizons where technology meets reliability and innovation becomes the norm. Together we can achieve more than we ever imagined.<\/p>","protected":false},"excerpt":{"rendered":"<p>Jeste\u015bmy wiod\u0105cym producentem nowoczesnych i wysokiej jako\u015bci rozwi\u0105za\u0144 dla bran\u017cy handlu detalicznego i przemys\u0142u. Dostarczamy narz\u0119dzia, kt\u00f3re nap\u0119dzaj\u0105 wydajno\u015b\u0107 i sukces naszych klient\u00f3w. Nasza misja Nasza misja to nie tylko oferowanie produkt\u00f3w najwy\u017cszej klasy, ale tak\u017ce budowanie d\u0142ugoterminowych relacji opartych na zaufaniu i partnerskiej wsp\u00f3\u0142pracy. Dlatego stale si\u0119 rozwijamy i poszerzamy nasz\u0105 ofert\u0119, aby sprosta\u0107 [&hellip;]<\/p>\n","protected":false},"author":1,"featured_media":14603,"parent":0,"menu_order":0,"comment_status":"closed","ping_status":"closed","template":"page-about.php","meta":{"footnotes":""},"class_list":["post-71","page","type-page","status-publish","has-post-thumbnail","hentry"],"acf":[],"yoast_head":"<!-- This site is optimized with the Yoast SEO plugin v27.6 - https:\/\/yoast.com\/product\/yoast-seo-wordpress\/ -->\n<title>O nas - IMAGO<\/title>\n<meta name=\"description\" content=\"IMAGO. Jeste\u015bmy wiod\u0105cym producentem wysokiej jako\u015bci rozwi\u0105za\u0144 dla bran\u017cy handlu detalicznego i przemys\u0142u. Dowiedz si\u0119 jak dzia\u0142amy!\" \/>\n<meta name=\"robots\" content=\"index, follow, max-snippet:-1, max-image-preview:large, max-video-preview:-1\" \/>\n<link rel=\"canonical\" href=\"https:\/\/imago-systems.com\/en\/about-us\/\" \/>\n<meta property=\"og:locale\" content=\"en_US\" \/>\n<meta property=\"og:type\" content=\"article\" \/>\n<meta property=\"og:title\" content=\"O nas - IMAGO\" \/>\n<meta property=\"og:description\" content=\"IMAGO. Jeste\u015bmy wiod\u0105cym producentem wysokiej jako\u015bci rozwi\u0105za\u0144 dla bran\u017cy handlu detalicznego i przemys\u0142u. Dowiedz si\u0119 jak dzia\u0142amy!\" \/>\n<meta property=\"og:url\" content=\"https:\/\/imago-systems.com\/en\/about-us\/\" \/>\n<meta property=\"og:site_name\" content=\"IMAGO\" \/>\n<meta property=\"article:modified_time\" content=\"2025-11-20T12:51:47+00:00\" \/>\n<meta property=\"og:image\" content=\"https:\/\/imago-systems.com\/wp-content\/uploads\/2024\/10\/IMAGO-dystrybutor-Auto-ID-1.jpg\" \/>\n\t<meta property=\"og:image:width\" content=\"400\" \/>\n\t<meta property=\"og:image:height\" content=\"250\" \/>\n\t<meta property=\"og:image:type\" content=\"image\/jpeg\" \/>\n<meta name=\"twitter:card\" content=\"summary_large_image\" \/>\n<meta name=\"twitter:label1\" content=\"Est. reading time\" \/>\n\t<meta name=\"twitter:data1\" content=\"2 minutes\" \/>\n<script type=\"application\/ld+json\" class=\"yoast-schema-graph\">{\"@context\":\"https:\\\/\\\/schema.org\",\"@graph\":[{\"@type\":\"WebPage\",\"@id\":\"https:\\\/\\\/imago-systems.com\\\/o-nas\\\/\",\"url\":\"https:\\\/\\\/imago-systems.com\\\/o-nas\\\/\",\"name\":\"O nas - IMAGO\",\"isPartOf\":{\"@id\":\"https:\\\/\\\/imago-systems.com\\\/#website\"},\"primaryImageOfPage\":{\"@id\":\"https:\\\/\\\/imago-systems.com\\\/o-nas\\\/#primaryimage\"},\"image\":{\"@id\":\"https:\\\/\\\/imago-systems.com\\\/o-nas\\\/#primaryimage\"},\"thumbnailUrl\":\"https:\\\/\\\/imago-systems.com\\\/wp-content\\\/uploads\\\/2024\\\/10\\\/IMAGO-dystrybutor-Auto-ID-1.jpg\",\"datePublished\":\"2024-04-02T11:39:03+00:00\",\"dateModified\":\"2025-11-20T12:51:47+00:00\",\"description\":\"IMAGO. Jeste\u015bmy wiod\u0105cym producentem wysokiej jako\u015bci rozwi\u0105za\u0144 dla bran\u017cy handlu detalicznego i przemys\u0142u. Dowiedz si\u0119 jak dzia\u0142amy!\",\"breadcrumb\":{\"@id\":\"https:\\\/\\\/imago-systems.com\\\/o-nas\\\/#breadcrumb\"},\"inLanguage\":\"en-US\",\"potentialAction\":[{\"@type\":\"ReadAction\",\"target\":[\"https:\\\/\\\/imago-systems.com\\\/o-nas\\\/\"]}]},{\"@type\":\"ImageObject\",\"inLanguage\":\"en-US\",\"@id\":\"https:\\\/\\\/imago-systems.com\\\/o-nas\\\/#primaryimage\",\"url\":\"https:\\\/\\\/imago-systems.com\\\/wp-content\\\/uploads\\\/2024\\\/10\\\/IMAGO-dystrybutor-Auto-ID-1.jpg\",\"contentUrl\":\"https:\\\/\\\/imago-systems.com\\\/wp-content\\\/uploads\\\/2024\\\/10\\\/IMAGO-dystrybutor-Auto-ID-1.jpg\",\"width\":400,\"height\":250,\"caption\":\"IMAGO dystrybutor Auto-ID\"},{\"@type\":\"BreadcrumbList\",\"@id\":\"https:\\\/\\\/imago-systems.com\\\/o-nas\\\/#breadcrumb\",\"itemListElement\":[{\"@type\":\"ListItem\",\"position\":1,\"name\":\"Home\",\"item\":\"https:\\\/\\\/imago-systems.com\\\/\"},{\"@type\":\"ListItem\",\"position\":2,\"name\":\"O nas\"}]},{\"@type\":\"WebSite\",\"@id\":\"https:\\\/\\\/imago-systems.com\\\/#website\",\"url\":\"https:\\\/\\\/imago-systems.com\\\/\",\"name\":\"IMAGO systems\",\"description\":\"Nowoczesne rozwi\u0105zania dla przemys\u0142u i handlu detalicznego.\",\"publisher\":{\"@id\":\"https:\\\/\\\/imago-systems.com\\\/#organization\"},\"alternateName\":\"IMAGO\",\"potentialAction\":[{\"@type\":\"SearchAction\",\"target\":{\"@type\":\"EntryPoint\",\"urlTemplate\":\"https:\\\/\\\/imago-systems.com\\\/?s={search_term_string}\"},\"query-input\":{\"@type\":\"PropertyValueSpecification\",\"valueRequired\":true,\"valueName\":\"search_term_string\"}}],\"inLanguage\":\"en-US\"},{\"@type\":\"Organization\",\"@id\":\"https:\\\/\\\/imago-systems.com\\\/#organization\",\"name\":\"IMAGO Poland sp. z o.o.\",\"alternateName\":\"IMAGO\",\"url\":\"https:\\\/\\\/imago-systems.com\\\/\",\"logo\":{\"@type\":\"ImageObject\",\"inLanguage\":\"en-US\",\"@id\":\"https:\\\/\\\/imago-systems.com\\\/#\\\/schema\\\/logo\\\/image\\\/\",\"url\":\"https:\\\/\\\/imago-systems.com\\\/wp-content\\\/uploads\\\/2024\\\/11\\\/cropped-cropped-cropped-IMAGO-LOGO-.jpg\",\"contentUrl\":\"https:\\\/\\\/imago-systems.com\\\/wp-content\\\/uploads\\\/2024\\\/11\\\/cropped-cropped-cropped-IMAGO-LOGO-.jpg\",\"width\":512,\"height\":512,\"caption\":\"IMAGO Poland sp. z o.o.\"},\"image\":{\"@id\":\"https:\\\/\\\/imago-systems.com\\\/#\\\/schema\\\/logo\\\/image\\\/\"},\"sameAs\":[\"https:\\\/\\\/www.linkedin.com\\\/company\\\/imago-poland\\\/\"]}]}<\/script>\n<!-- \/ Yoast SEO plugin. -->","yoast_head_json":{"title":"About us - IMAGO","description":"IMAGO. We are a leading manufacturer of high-quality solutions for the retail and industrial sectors. Learn how we operate!","robots":{"index":"index","follow":"follow","max-snippet":"max-snippet:-1","max-image-preview":"max-image-preview:large","max-video-preview":"max-video-preview:-1"},"canonical":"https:\/\/imago-systems.com\/en\/about-us\/","og_locale":"en_US","og_type":"article","og_title":"O nas - IMAGO","og_description":"IMAGO. Jeste\u015bmy wiod\u0105cym producentem wysokiej jako\u015bci rozwi\u0105za\u0144 dla bran\u017cy handlu detalicznego i przemys\u0142u. Dowiedz si\u0119 jak dzia\u0142amy!","og_url":"https:\/\/imago-systems.com\/en\/about-us\/","og_site_name":"IMAGO","article_modified_time":"2025-11-20T12:51:47+00:00","og_image":[{"width":400,"height":250,"url":"https:\/\/imago-systems.com\/wp-content\/uploads\/2024\/10\/IMAGO-dystrybutor-Auto-ID-1.jpg","type":"image\/jpeg"}],"twitter_card":"summary_large_image","twitter_misc":{"Est. reading time":"2 minutes"},"schema":{"@context":"https:\/\/schema.org","@graph":[{"@type":"WebPage","@id":"https:\/\/imago-systems.com\/o-nas\/","url":"https:\/\/imago-systems.com\/o-nas\/","name":"About us - IMAGO","isPartOf":{"@id":"https:\/\/imago-systems.com\/#website"},"primaryImageOfPage":{"@id":"https:\/\/imago-systems.com\/o-nas\/#primaryimage"},"image":{"@id":"https:\/\/imago-systems.com\/o-nas\/#primaryimage"},"thumbnailUrl":"https:\/\/imago-systems.com\/wp-content\/uploads\/2024\/10\/IMAGO-dystrybutor-Auto-ID-1.jpg","datePublished":"2024-04-02T11:39:03+00:00","dateModified":"2025-11-20T12:51:47+00:00","description":"IMAGO. We are a leading manufacturer of high-quality solutions for the retail and industrial sectors. Learn how we operate!","breadcrumb":{"@id":"https:\/\/imago-systems.com\/o-nas\/#breadcrumb"},"inLanguage":"en-US","potentialAction":[{"@type":"ReadAction","target":["https:\/\/imago-systems.com\/o-nas\/"]}]},{"@type":"ImageObject","inLanguage":"en-US","@id":"https:\/\/imago-systems.com\/o-nas\/#primaryimage","url":"https:\/\/imago-systems.com\/wp-content\/uploads\/2024\/10\/IMAGO-dystrybutor-Auto-ID-1.jpg","contentUrl":"https:\/\/imago-systems.com\/wp-content\/uploads\/2024\/10\/IMAGO-dystrybutor-Auto-ID-1.jpg","width":400,"height":250,"caption":"IMAGO dystrybutor Auto-ID"},{"@type":"BreadcrumbList","@id":"https:\/\/imago-systems.com\/o-nas\/#breadcrumb","itemListElement":[{"@type":"ListItem","position":1,"name":"Home","item":"https:\/\/imago-systems.com\/"},{"@type":"ListItem","position":2,"name":"O nas"}]},{"@type":"WebSite","@id":"https:\/\/imago-systems.com\/#website","url":"https:\/\/imago-systems.com\/","name":"IMAGO systems","description":"Modern solutions for industry and retail.","publisher":{"@id":"https:\/\/imago-systems.com\/#organization"},"alternateName":"IMAGO","potentialAction":[{"@type":"SearchAction","target":{"@type":"EntryPoint","urlTemplate":"https:\/\/imago-systems.com\/?s={search_term_string}"},"query-input":{"@type":"PropertyValueSpecification","valueRequired":true,"valueName":"search_term_string"}}],"inLanguage":"en-US"},{"@type":"Organization","@id":"https:\/\/imago-systems.com\/#organization","name":"IMAGO Poland sp. z o. o.","alternateName":"IMAGO","url":"https:\/\/imago-systems.com\/","logo":{"@type":"ImageObject","inLanguage":"en-US","@id":"https:\/\/imago-systems.com\/#\/schema\/logo\/image\/","url":"https:\/\/imago-systems.com\/wp-content\/uploads\/2024\/11\/cropped-cropped-cropped-IMAGO-LOGO-.jpg","contentUrl":"https:\/\/imago-systems.com\/wp-content\/uploads\/2024\/11\/cropped-cropped-cropped-IMAGO-LOGO-.jpg","width":512,"height":512,"caption":"IMAGO Poland sp. z o.o."},"image":{"@id":"https:\/\/imago-systems.com\/#\/schema\/logo\/image\/"},"sameAs":["https:\/\/www.linkedin.com\/company\/imago-poland\/"]}]}},"_links":{"self":[{"href":"https:\/\/imago-systems.com\/en\/wp-json\/wp\/v2\/pages\/71","targetHints":{"allow":["GET"]}}],"collection":[{"href":"https:\/\/imago-systems.com\/en\/wp-json\/wp\/v2\/pages"}],"about":[{"href":"https:\/\/imago-systems.com\/en\/wp-json\/wp\/v2\/types\/page"}],"author":[{"embeddable":true,"href":"https:\/\/imago-systems.com\/en\/wp-json\/wp\/v2\/users\/1"}],"replies":[{"embeddable":true,"href":"https:\/\/imago-systems.com\/en\/wp-json\/wp\/v2\/comments?post=71"}],"version-history":[{"count":7,"href":"https:\/\/imago-systems.com\/en\/wp-json\/wp\/v2\/pages\/71\/revisions"}],"predecessor-version":[{"id":17398,"href":"https:\/\/imago-systems.com\/en\/wp-json\/wp\/v2\/pages\/71\/revisions\/17398"}],"wp:featuredmedia":[{"embeddable":true,"href":"https:\/\/imago-systems.com\/en\/wp-json\/wp\/v2\/media\/14603"}],"wp:attachment":[{"href":"https:\/\/imago-systems.com\/en\/wp-json\/wp\/v2\/media?parent=71"}],"curies":[{"name":"wp","href":"https:\/\/api.w.org\/{rel}","templated":true}]}}